{"id":47,"date":"2016-11-07T16:27:58","date_gmt":"2016-11-07T15:27:58","guid":{"rendered":"http:\/\/holidaytorbole.it\/it\/?page_id=47"},"modified":"2018-07-02T11:43:46","modified_gmt":"2018-07-02T09:43:46","slug":"privacy-policy","status":"publish","type":"page","link":"https:\/\/www.old-pointhotel.promoservicebeta.com\/en\/privacy-policy\/","title":{"rendered":"Privacy policy"},"content":{"rendered":"<div class=\"wpb-content-wrapper\">[vc_row full_width=&#8221;stretch_row_content_no_spaces&#8221;][vc_column][vc_column_text]<div id=\"fusionBtnBar\"><a href=\"https:\/\/booking.passepartout.cloud\/booking?oidPortale=14397&lingua=en\"><img decoding=\"async\" src=\"https:\/\/www.pointhotel.it\/wp-content\/themes\/gestionealbergo\/images\/ring-reception-white.png\" \/>Book<\/a><\/div>[\/vc_column_text][\/vc_column][\/vc_row][vc_row][vc_column][vc_column_text]\r\n<h1>Privacy policy<\/h1>\r\n[\/vc_column_text][\/vc_column][\/vc_row][vc_row full_width=&#8221;stretch_row&#8221; css=&#8221;.vc_custom_1514388899989{margin-bottom: 20px !important;}&#8221;][vc_column el_class=&#8221;text-box&#8221;][vc_column_text]Nel seguito sono riportati i termini d\u2019accordo legale tra l\u2019utente di questo sito web e\u00a0<strong>MM SRL<\/strong>\u00a0accedendo e\/o utilizzando questo sito, l\u2019utente implicitamente dichiara di averne letto, compreso ed accettato le condizioni di utilizzo. Se non si accettano le condizioni di utilizzo di seguito riportate, non si usi questo sito. Questo sito Web contiene informazioni sulla propriet\u00e0 e il copyright, le cui condizioni vanno osservate e seguite. Le informa zioni riportate in questo sito possono contenere inesattezze tecniche o errori tipografici. Le informazioni sono soggette a cambiamenti o aggiornamenti senza preavviso.\r\n\r\n<strong>MM SRL<\/strong>\u00a0si riserva inoltre il diritto di apportare cambiamenti e\/o miglioramenti, senza preavviso e in qualsiasi momento, ai prodotti e\/o soluzioni e\/o servizi e\/o eventi descritti in questo sito.\u00a0<strong>MM SRL<\/strong>\u00a0non si assume alcuna responsabilit\u00e0 riguardo all\u2019accuratezza delle informazioni fornite, il cui utilizzo \u00e8 a vostro esclusivo rischio. L\u2019id oneit\u00e0 di tali informazioni per la risoluzione di tutti i problemi notificati non viene garantita in alcun modo. Fornendo tali informazioni, inoltre,\u00a0<strong>MM SRL<\/strong>\u00a0non concede alcuna licenza su copyright, brevetti o qualsiasi altro diritto di propriet\u00e0 intellettuale.\r\n\r\n<strong>MM SRL<\/strong>\u00a0non accetta l\u2019invio di informazioni di carattere confidenziale o riservato attraverso questo sito. Qualsiasi informazione o materiale inviato ad\u00a0<strong>MM SRL<\/strong>\u00a0non verr\u00e0 considerato di natura confidenziale.\u00a0<strong>MM SRL<\/strong>\u00a0non \u00e8 in alcun modo respo nsabile dei siti Web a cui si accede tramite il presente sito.\u00a0<strong>MM SRL<\/strong>\u00a0non potr\u00e0 in nessun caso essere ritenuta responsabile per qualsiasi danno diretto, indiretto, speciale o conseguenziale legato all\u2019uso del presente sito web o di altri siti web a cui si accede mediante un collegamento ipertestuale, ivi compresi, senza alcuna limitazione, danni quali la perdita di profitti o fattu rato, l\u2019interruzione di attivit\u00e0 aziendale o professionale, la perdita di programmi o altro tipo di dati ubicati sul vostro sist ema informatico o di altro tipo.\r\n\r\n<strong>MM SRL<\/strong>\u00a0si riserva il diritto di apportare, senza preavviso ed in qualsiasi momento, modifiche e\/o aggiornamenti alle condizioni di utilizzo. L\u2019utente, continuando ad utilizzare questo sito, accetta anche i suddetti aggiorn amenti e\/o modifiche; questa pagina, perci\u00f2, dovrebbe essere periodicamente visitata per verificare le condizioni di utilizzo al momento in vigore.\r\n<h3><strong>PERCHE\u2019 QUESTO AVVISO<\/strong><\/h3>\r\nIn questa pagina si descrivono le modalit\u00e0 di gestione del sito in riferimento al trat tamento dei dati personali degli utenti che lo consultano.\r\nSi tratta di un\u2019informativa che \u00e8 resa anche ai sensi dell\u2019art. 13 del d.lgs. n. 196\/2003 -\u00ad\u2010 Codice in materia di protezione dei dati personali a coloro che interagiscono con i servizi web di MM SR L per la protezione dei dati personali, accessibili per via telematica a partire dall\u2019indirizzo: <a href=\"http:\/\/ www. pointhotel.it\">http:\/\/ www. pointhotel.it\u00a0<\/a> corrispondente alla pagina iniziale del sito ufficiale di\u00a0<strong>MM SRL.<\/strong>\r\n\r\nL\u2019informativa \u00e8 resa solo per il sito\u00a0<strong>MM SRL<\/strong>\u00a0e non anche per altri siti web eventualmente consultati dall\u2019utente tramite link. L\u2019informativa si ispira anche alla Raccomandazione n. 2\/2001 che le autorit\u00e0 europee per la protezione dei dati personali, riunite nel Gruppo istituito dall\u2019art. 29 della dir ettiva n. 95\/46\/CE , hanno adottato il 17 maggio 2001 per individuare alcuni requisiti minimi per la raccolta di dati personali on -\u00ad\u2010 line, e, in particolare, le modalit\u00e0, i tempi e la natura delle informazioni che i titolari del trattamento devono fornire ag li utenti quando questi si collegano a pagine web, indipendentemente dagli scopi del collegamento.\r\n<h3><strong>IL \u201cTITOLARE\u201d DEL TRATTAMENTO<\/strong><\/h3>\r\nA seguito della consultazione di questo sito possono essere trattati dati relativi a persone identificate o identificabili. Il \u201ctitolare\u201d del loro trattamento \u00e8 MM SRL c he ha sede in via Adige, 2 \u2013 Piove di Sacco (PD ). LUOGO DI TRATTAMENTO DEI DATI I trattamenti connessi ai servizi web di questo sito hanno luogo presso la predetta sede di MM SRL e sono curati solo da personale tecnico dell\u2019Ufficio incaricato del trattamento, oppure da eventuali incaricati di occasionali operazioni di manutenzione. Nessun dato derivante dal servizio web viene comunicato o diffuso.\r\n<h3><strong>TIPI DI DATI TRATTATI<\/strong><\/h3>\r\n<strong>Dati di navigazione\r\n<\/strong>I sistemi informatici e le procedure software preposte al funzionamento di questo sito web acquisiscono, nel corso del loro normale esercizio, alcuni dati personali la cui trasmissione \u00e8 implicita nell\u2019uso dei protocolli di comunicazione di Internet. Si tr atta di informazioni che non sono raccolte per essere associate a interessati identificati, ma che per loro stessa natura potrebbero, attraverso elaborazioni ed associazioni con dati detenuti da terzi, permettere di identificare gli utenti. In questa categ oria di dati rientrano gli indirizzi IP o i nomi a dominio dei computer utilizzati dagli utenti che si connettono al sito, gli indirizzi in notazione URI (Uniform Resource Identifier) delle risorse richieste, l\u2019orario della richiesta, il metodo utilizzato nel sottoporre la richiesta al server, la dimensione del file ottenuto in risposta, il codice numerico indicante lo stato della risposta data dal server (buon fine, errore, ecc.) ed altri parametri relativi al sistema operativo e all\u2019ambiente informatico d ell\u2019utente. Questi dati vengono utilizzati al solo fine di ricavare informazioni statistiche anonime sull\u2019uso del sito e per controllarne il corretto funzionamento e vengono cancellati immediatamente dopo l\u2019elaborazione. I dati potrebbero essere utilizzati per l\u2019accertamento di responsabilit\u00e0 in caso di ipotetici reati informatici ai danni del sito: salva questa eventualit\u00e0, allo stato i dati sui contatti web non persistono per pi\u00f9 di 30 giorni.\r\n\r\n<strong>Dati forniti volontariamente dall\u2019utente\r\n<\/strong>L\u2019invio facoltativo, esplicito e volontario di posta elettronica agli indirizzi indicati su questo sito comporta la successiv a acquisizione dell\u2019indirizzo del mittente, necessario per rispondere alle richieste, nonch\u00e9 degli eventuali altri dati personali i nseriti nella missiva. Specifiche informative di sintesi verranno progressivamente riportate o visualizzate nelle pagine del sito predisposte per particolari servizi a richiesta.\r\n<h3><strong>COOKIES<\/strong><\/h3>\r\nNessun dato personale degli utenti viene in proposito acquisito dal s ito. Non viene fatto uso di cookies per la trasmissione di informazioni di carattere personale, n\u00e9 vengono utilizzati c.d. cookies persistenti di alcun tipo, ovvero sistemi per il tracciamento degli utenti. L\u2019uso di c.d. cookies di sessione \u00e8 strettamente limitato alla trasmissione di identificativi di sessione (costituiti da numeri casuali generati dal server) necessari per consentire l\u2019esplorazione sicura ed efficiente del sito. I c.d. cookies di sessione utilizzati in questo sito evitano il ricorso ad a ltre tecniche informatiche potenzialmente pregiudizievoli per la riservatezza della navigazione degli utenti e non consentono l\u2019acquisizione di dati personali identificativi dell\u2019utente.\r\n<h3><strong>FACOLTATIVITA\u2019 DEL CONFERIMENTO DEI DATI<\/strong><\/h3>\r\nA parte quanto specificato per i dati di navigazione, l\u2019utente \u00e8 libero di fornire i dati personali riportati nei moduli di richiesta a MM SRL o comunque indicati in contatti con l\u2019Ufficio per sollecitare l\u2019invio di materiale informativo o di altre comunicazioni. Il loro mancato conferimento pu\u00f2 comportare l\u2019impossibilit\u00e0 di ottenere quanto richiesto. Per completezza va ricordato che in alcuni casi (non oggetto dell\u2019ordinaria gestione di questo sito) l\u2019Autorit\u00e0 pu\u00f2 richiedere notizie e informazioni ai sensi dell\u2019art 157 del d.lgs. n. 196\/2003, ai fini del controllo sul trattamento dei dati personali. In questi casi la risposta \u00e8 obbligatoria a pena di sanzione amministrativa.\r\n<h3><strong>MODALITA\u2019 DEL TRATTAMENTO<\/strong><\/h3>\r\nI dati personali sono trattati con strumenti automatizzati per il tempo strettame nte necessario a conseguire gli scopi per cui sono stati raccolti. Specifiche misure di sicurezza sono osservate per prevenire la perdita dei dati, usi illeciti o non corretti ed accessi non autorizzati.\r\n<h3><strong>DIRITTI DEGLI INTERESSATI<\/strong><\/h3>\r\nI soggetti cui si riferiscono i dati personali hanno il diritto in qualunque momento di ottenere la conferma dell\u2019esistenza o meno dei medesimi dati e di conoscerne il contenuto e l\u2019origine, verificarne l\u2019esattezza o chiederne l\u2019integrazione o l\u2019aggiornamento, oppure la rettificazione (art. 7 del d.lgs. n. 196\/2003). Ai sensi del medesimo articolo si ha il diritto di chiedere la cancellazione, la trasformazione in forma anonima o il blocco dei dati trattati in violazione di legge, nonch\u00e9 di opporsi in ogni caso, per motivi legittimi , al loro trattamento. Il Titolare del trattamento dei Vostri dati personali \u00e8 <strong>MM SRL<\/strong> con sede legale in via Adige, 2 \u2013 Piove di Sacco (PD). Per esercitare tali diritti Vi potete rivolgere al seguente recapito :\u00a0<a href=\"mailto:info@pointhotel.it\">info@pointhotel.it<\/a>\u00a0oppure fax 049 9715736.[\/vc_column_text][\/vc_column][\/vc_row]<\/div>","protected":false},"excerpt":{"rendered":"[vc_row full_width=&#8221;stretch_row_content_no_spaces&#8221;][vc_column][vc_column_text][\/vc_column_text][\/vc_column][\/vc_row][vc_row][vc_column][vc_column_text] Privacy policy [\/vc_column_text][\/vc_column][\/vc_row][vc_row full_width=&#8221;stretch_row&#8221; css=&#8221;.vc_custom_1514388899989{margin-bottom: 20px !important;}&#8221;][vc_column el_class=&#8221;text-box&#8221;][vc_column_text]Nel seguito sono riportati i termini d\u2019accordo legale tra l\u2019utente di questo sito web e\u00a0MM SRL\u00a0accedendo e\/o utilizzando questo sito, l\u2019utente implicitamente dichiara di averne letto, compreso ed accettato le condizioni di utilizzo. Se non si accettano le condizioni di utilizzo di seguito riportate, non si [&hellip;]","protected":false},"author":24,"featured_media":0,"parent":0,"menu_order":0,"comment_status":"closed","ping_status":"closed","template":"","meta":{"_acf_changed":false,"inline_featured_image":false,"footnotes":""},"class_list":["post-47","page","type-page","status-publish","hentry"],"acf":[],"_links":{"self":[{"href":"https:\/\/www.old-pointhotel.promoservicebeta.com\/en\/wp-json\/wp\/v2\/pages\/47","targetHints":{"allow":["GET"]}}],"collection":[{"href":"https:\/\/www.old-pointhotel.promoservicebeta.com\/en\/wp-json\/wp\/v2\/pages"}],"about":[{"href":"https:\/\/www.old-pointhotel.promoservicebeta.com\/en\/wp-json\/wp\/v2\/types\/page"}],"author":[{"embeddable":true,"href":"https:\/\/www.old-pointhotel.promoservicebeta.com\/en\/wp-json\/wp\/v2\/users\/24"}],"replies":[{"embeddable":true,"href":"https:\/\/www.old-pointhotel.promoservicebeta.com\/en\/wp-json\/wp\/v2\/comments?post=47"}],"version-history":[{"count":0,"href":"https:\/\/www.old-pointhotel.promoservicebeta.com\/en\/wp-json\/wp\/v2\/pages\/47\/revisions"}],"wp:attachment":[{"href":"https:\/\/www.old-pointhotel.promoservicebeta.com\/en\/wp-json\/wp\/v2\/media?parent=47"}],"curies":[{"name":"wp","href":"https:\/\/api.w.org\/{rel}","templated":true}]}}