{"id":4701,"date":"2018-06-27T10:28:04","date_gmt":"2018-06-27T08:28:04","guid":{"rendered":"https:\/\/www.pointhotel.it\/it\/?page_id=4701"},"modified":"2018-07-27T13:09:55","modified_gmt":"2018-07-27T11:09:55","slug":"la-colazione","status":"publish","type":"page","link":"https:\/\/www.old-pointhotel.promoservicebeta.com\/de\/la-colazione\/","title":{"rendered":"Fr\u00fchst\u00fcck"},"content":{"rendered":"<div class=\"wpb-content-wrapper\">[vc_row full_width=&#8220;stretch_row_content_no_spaces&#8220;][vc_column][vc_column_text]<div id=\"fusionBtnBar\"><a href=\"https:\/\/booking.passepartout.cloud\/booking?oidPortale=14397&lingua=de\"><img decoding=\"async\" src=\"https:\/\/www.pointhotel.it\/wp-content\/themes\/gestionealbergo\/images\/ring-reception-white.png\" \/>Buchen Sie<\/a><\/div>[\/vc_column_text][\/vc_column][\/vc_row][vc_row el_id=&#8220;colazione&#8220;][vc_column][vc_empty_space height=&#8220;50px&#8220;][vc_column_text]\r\n<h1 style=\"text-align: left;\">FR\u00dcHST\u00dcCK<\/h1>\r\n<h3>START IN DEN TAG MIT DELIKATESSEN<\/h3>\r\n[\/vc_column_text][\/vc_column][\/vc_row][vc_row][vc_column][vc_column_text]Wir laden Sie jeden Tag ein, einen besonderen Moment in unserem Fr\u00fchst\u00fccksraum zu genie\u00dfen, <strong>in dem Sie in einer sehr ruhigen und angenehmen<\/strong> Umgebung empfangen werden. Maria und Michela schenken Ihnen ein L\u00e4cheln, w\u00fcnschen Ihnen einen sch\u00f6nen Tag, und servieren Ihnen einen guten Kaffee.<strong> Alle Produkte an unserem Buffet sind frisch<\/strong> und von h\u00f6chster Qualit\u00e4t, um Ihnen eine pers\u00f6nliche Freude zu Machen.[\/vc_column_text][\/vc_column][\/vc_row][vc_row][vc_column width=&#8220;1\/2&#8243;][vc_column_text]<strong>Getrocknete Fr\u00fcchte, K\u00f6rner und M\u00fcsli<\/strong>, eine beeindruckende Auswahl an Bio-Konfit\u00fcre von Asiago-Rigonis Unternehmen, von unserem K\u00f6chen frisch gebackene Kekse und Kuchen, frische Croissants vom B\u00e4cker, t\u00e4glich frisches Obst und Obstsalat sowie eingemachtes Obst, Beeren, <strong>Joghurt und Naturjoghurt aus Meran<\/strong>, frischer Aufschnitt und K\u00e4se, sowie Honig und Marmeladen, gekochte Eier, Spiegeleier oder R\u00fchreier mit Speck, Fruchts\u00e4fte, Auswahl an Tees und Kr\u00e4utertees, <strong>Espresso und Cappuccino mit frischer Milch, sowie Filterkaffee.<\/strong>\r\nWenn Sie etwas besonderes w\u00fcnschen, lassen Sie es uns wissen und wir werden schnellstm\u00f6glich versuchen Ihre W\u00fcnsche zu erf\u00fcllen![\/vc_column_text][\/vc_column][vc_column width=&#8220;1\/2&#8243;][vc_single_image image=&#8220;4514&#8243; img_size=&#8220;full&#8220;][\/vc_column][\/vc_row][vc_row][vc_column][vc_column_text]Falls Sie Gluten intolerant sind oder eine andere Nahrungsmittelallergien haben, und dadurch besondere Lebensmittel ben\u00f6tigen, informieren Sie uns bitte bei der Buchung an, so dass wir alles f\u00fcr Sie besorgen k\u00f6nnen, ohne zus\u00e4tzliche Kosten versteht sich.[\/vc_column_text][vc_media_grid element_width=&#8220;3&#8243; grid_id=&#8220;vc_gid:1532675688028-7c3f849d-15a6-0&#8243; include=&#8220;4520,4521,4519,4522&#8243;][\/vc_column][\/vc_row][vc_row disable_element=&#8220;yes&#8220;][vc_column][vc_column_text][ff id=&#8220;2&#8243;][\/vc_column_text][\/vc_column][\/vc_row]<\/div>","protected":false},"excerpt":{"rendered":"[vc_row full_width=&#8220;stretch_row_content_no_spaces&#8220;][vc_column][vc_column_text][\/vc_column_text][\/vc_column][\/vc_row][vc_row el_id=&#8220;colazione&#8220;][vc_column][vc_empty_space height=&#8220;50px&#8220;][vc_column_text] FR\u00dcHST\u00dcCK START IN DEN TAG MIT DELIKATESSEN [\/vc_column_text][\/vc_column][\/vc_row][vc_row][vc_column][vc_column_text]Wir laden Sie jeden Tag ein, einen besonderen Moment in unserem Fr\u00fchst\u00fccksraum zu genie\u00dfen, in dem Sie in einer sehr ruhigen und angenehmen Umgebung empfangen werden. Maria und Michela schenken Ihnen ein L\u00e4cheln, w\u00fcnschen Ihnen einen sch\u00f6nen Tag, und servieren Ihnen einen guten Kaffee. [&hellip;]","protected":false},"author":24,"featured_media":4702,"parent":0,"menu_order":0,"comment_status":"closed","ping_status":"closed","template":"","meta":{"_acf_changed":false,"inline_featured_image":false,"footnotes":""},"class_list":["post-4701","page","type-page","status-publish","has-post-thumbnail","hentry"],"acf":[],"_links":{"self":[{"href":"https:\/\/www.old-pointhotel.promoservicebeta.com\/de\/wp-json\/wp\/v2\/pages\/4701","targetHints":{"allow":["GET"]}}],"collection":[{"href":"https:\/\/www.old-pointhotel.promoservicebeta.com\/de\/wp-json\/wp\/v2\/pages"}],"about":[{"href":"https:\/\/www.old-pointhotel.promoservicebeta.com\/de\/wp-json\/wp\/v2\/types\/page"}],"author":[{"embeddable":true,"href":"https:\/\/www.old-pointhotel.promoservicebeta.com\/de\/wp-json\/wp\/v2\/users\/24"}],"replies":[{"embeddable":true,"href":"https:\/\/www.old-pointhotel.promoservicebeta.com\/de\/wp-json\/wp\/v2\/comments?post=4701"}],"version-history":[{"count":0,"href":"https:\/\/www.old-pointhotel.promoservicebeta.com\/de\/wp-json\/wp\/v2\/pages\/4701\/revisions"}],"wp:featuredmedia":[{"embeddable":true,"href":"https:\/\/www.old-pointhotel.promoservicebeta.com\/de\/wp-json\/wp\/v2\/media\/4702"}],"wp:attachment":[{"href":"https:\/\/www.old-pointhotel.promoservicebeta.com\/de\/wp-json\/wp\/v2\/media?parent=4701"}],"curies":[{"name":"wp","href":"https:\/\/api.w.org\/{rel}","templated":true}]}}