{"id":4573,"date":"2018-06-19T16:42:40","date_gmt":"2018-06-19T14:42:40","guid":{"rendered":"https:\/\/www.pointhotel.it\/it\/?page_id=4573"},"modified":"2018-07-30T09:59:40","modified_gmt":"2018-07-30T07:59:40","slug":"filosofia","status":"publish","type":"page","link":"https:\/\/www.old-pointhotel.promoservicebeta.com\/de\/filosofia\/","title":{"rendered":"Philosophie"},"content":{"rendered":"<div class=\"wpb-content-wrapper\">[vc_row full_width=&#8220;stretch_row_content_no_spaces&#8220;][vc_column][vc_column_text]<div id=\"fusionBtnBar\"><a href=\"https:\/\/booking.passepartout.cloud\/booking?oidPortale=14397&lingua=de\"><img decoding=\"async\" src=\"https:\/\/www.pointhotel.it\/wp-content\/themes\/gestionealbergo\/images\/ring-reception-white.png\" \/>Buchen Sie<\/a><\/div>[\/vc_column_text][\/vc_column][\/vc_row][vc_row][vc_column][vc_column_text]\r\n<h1>Philosophie<\/h1>\r\n<h3>PHILOSOPHIE UNSERES ENGAGEMENTS F\u00dcR DIE UMWELT<\/h3>\r\n[\/vc_column_text][\/vc_column][\/vc_row][vc_row][vc_column width=&#8220;1\/2&#8243;][vc_column_text]Eine verantwortungsvolles und erfolgreiches Hotelprojekt, dass der Umwelt hilft, indem wir den Aufenthalt unserer G\u00e4ste \u00f6kologisch nachhaltig gestalten, ohne Einbu\u00dfen bei Komfort, Luxus und Exklusivit\u00e4t zu erfahren, was uns zu einem der besten Hotels in der Umgebung macht.\r\n\r\nPOINT HOTEL, hat sich seit der Er\u00f6ffnung verpflichtet, den Energie- und <strong>Abfallverbrauch zu reduzieren und sich mit der Energieerzeugung<\/strong> ,ohne Freisetzung von CO2 und anderen Gasen, zu engagieren. Wir bevorzugen eine nachhaltige Bewirtschaftung indem wir den Verbrauch \u00fcberwachen , Energieeffizienzma\u00dfnahmen umsetzen und die Emission in die Umwelt durch gutes Verhalten reduzieren.[\/vc_column_text][\/vc_column][vc_column width=&#8220;1\/2&#8243;][vc_gallery interval=&#8220;3&#8243; images=&#8220;4580,4581,4582&#8243; img_size=&#8220;full&#8220;][\/vc_column][\/vc_row][vc_row][vc_column][vc_column_text]<strong>Das Hotel ist mit einem automatisierten EDV-System ausgestattet, das jeden Bereich individuell steuert, und die Heiz- und K\u00fchlleistung sowie den Stromverbrauch monitort.<\/strong>\r\n\r\nZur Senkung der <strong>CO2-Emission<\/strong> in die Umwelt, haben wir unser Hotel mit einer Photovoltaikanlage mit Speichersystem ausgetattet, um so auch in Zeiten mit weniger Sonnenlicht, unabh\u00e4ngig versort zu sein.\r\n\r\nDie Zimmer sind mit <strong>Magnetkarten betrieben die mit einem EDV System<\/strong> gekoppelt sind. Die Fenster sind mit magnetischen Kontakten ausgestattet, dass bei der \u00d6ffnung die Funktion anderer Systeme blockiert.[\/vc_column_text][\/vc_column][\/vc_row][vc_row][vc_column width=&#8220;1\/2&#8243;][vc_gallery interval=&#8220;3&#8243; images=&#8220;4584,4585,4583&#8243; img_size=&#8220;full&#8220;][\/vc_column][vc_column width=&#8220;1\/2&#8243;][vc_column_text]Unser Warmwasser wird durch unser Solarsystem erzeugt. Wir verwenden<strong>\u00a0LED<\/strong>\u00a0und\u00a0<strong>Low-Power Leuchten.<\/strong>\r\n\r\nZur Reinigung nutzen wir Produkte frei von toxischen Substanzen und Schadstoffen, vollst\u00e4ndig\u00a0<strong>biologisch<\/strong>abbaubar und nicht an Tieren getestet.\r\n\r\nDie Pflegeprodukte sind umweltfreundlich, hergestellt aus Rohstoffen pflanzlichen Ursprungs, biologisch abbaubar, Verpackungsmaterialien sind zu 99% aus recycleten Materialien.\r\n\r\nUm den Verbrauch von Plastik drastisch zu reduzieren verwenden wir f\u00fcr die Getr\u00e4nke in der\u00a0<strong>Minibar<\/strong><strong>Glasflaschen<\/strong>\u00a0und im\u00a0<strong>Badezimmer verwenden wir Seifenspender.<\/strong>[\/vc_column_text][\/vc_column][\/vc_row][vc_row][vc_column][vc_column_text]Die Zimmer sind mit von unseren Gaesten individuell regulierbaren Thermostaten ausgestattet.\r\n\r\nDer Verbrauch von Wasser in den Zimmern ist dank der Installation von Filtern, die den Fluss reduzieren und gleichzeitig ein Maximum an Komfort gew\u00e4hrleisten stark reduziert.\r\n\r\nIn der K\u00fcche sind wir zur Reduzierung der Abf\u00e4lle, und zum\u00a0<strong>Recycling<\/strong>\u00a0verpflichtet. Wir bieten unseren G\u00e4sten frisches, gesundes Obst, welches wir von nah gelegenen\u00a0<strong>Bio Bauern beziehen.<\/strong>[\/vc_column_text][\/vc_column][\/vc_row]<\/div>","protected":false},"excerpt":{"rendered":"[vc_row full_width=&#8220;stretch_row_content_no_spaces&#8220;][vc_column][vc_column_text][\/vc_column_text][\/vc_column][\/vc_row][vc_row][vc_column][vc_column_text] Philosophie PHILOSOPHIE UNSERES ENGAGEMENTS F\u00dcR DIE UMWELT [\/vc_column_text][\/vc_column][\/vc_row][vc_row][vc_column width=&#8220;1\/2&#8243;][vc_column_text]Eine verantwortungsvolles und erfolgreiches Hotelprojekt, dass der Umwelt hilft, indem wir den Aufenthalt unserer G\u00e4ste \u00f6kologisch nachhaltig gestalten, ohne Einbu\u00dfen bei Komfort, Luxus und Exklusivit\u00e4t zu erfahren, was uns zu einem der besten Hotels in der Umgebung macht. POINT HOTEL, hat sich seit der Er\u00f6ffnung [&hellip;]","protected":false},"author":24,"featured_media":4576,"parent":0,"menu_order":0,"comment_status":"closed","ping_status":"closed","template":"","meta":{"_acf_changed":false,"inline_featured_image":false,"footnotes":""},"class_list":["post-4573","page","type-page","status-publish","has-post-thumbnail","hentry"],"acf":[],"_links":{"self":[{"href":"https:\/\/www.old-pointhotel.promoservicebeta.com\/de\/wp-json\/wp\/v2\/pages\/4573","targetHints":{"allow":["GET"]}}],"collection":[{"href":"https:\/\/www.old-pointhotel.promoservicebeta.com\/de\/wp-json\/wp\/v2\/pages"}],"about":[{"href":"https:\/\/www.old-pointhotel.promoservicebeta.com\/de\/wp-json\/wp\/v2\/types\/page"}],"author":[{"embeddable":true,"href":"https:\/\/www.old-pointhotel.promoservicebeta.com\/de\/wp-json\/wp\/v2\/users\/24"}],"replies":[{"embeddable":true,"href":"https:\/\/www.old-pointhotel.promoservicebeta.com\/de\/wp-json\/wp\/v2\/comments?post=4573"}],"version-history":[{"count":0,"href":"https:\/\/www.old-pointhotel.promoservicebeta.com\/de\/wp-json\/wp\/v2\/pages\/4573\/revisions"}],"wp:featuredmedia":[{"embeddable":true,"href":"https:\/\/www.old-pointhotel.promoservicebeta.com\/de\/wp-json\/wp\/v2\/media\/4576"}],"wp:attachment":[{"href":"https:\/\/www.old-pointhotel.promoservicebeta.com\/de\/wp-json\/wp\/v2\/media?parent=4573"}],"curies":[{"name":"wp","href":"https:\/\/api.w.org\/{rel}","templated":true}]}}