{"id":4424,"date":"2018-06-15T12:03:40","date_gmt":"2018-06-15T10:03:40","guid":{"rendered":"https:\/\/www.pointhotel.it\/it\/?page_id=4424"},"modified":"2018-07-17T17:40:11","modified_gmt":"2018-07-17T15:40:11","slug":"meeting","status":"publish","type":"page","link":"https:\/\/www.old-pointhotel.promoservicebeta.com\/de\/meeting\/","title":{"rendered":"Convention Center"},"content":{"rendered":"<div class=\"wpb-content-wrapper\">[vc_row full_width=&#8220;stretch_row_content_no_spaces&#8220;][vc_column][vc_column_text]<div id=\"fusionBtnBar\"><a href=\"https:\/\/booking.passepartout.cloud\/booking?oidPortale=14397&lingua=de\"><img decoding=\"async\" src=\"https:\/\/www.pointhotel.it\/wp-content\/themes\/gestionealbergo\/images\/ring-reception-white.png\" \/>Buchen Sie<\/a><\/div>[\/vc_column_text][\/vc_column][\/vc_row][vc_row][vc_column][vc_column_text]\r\n<h1>CONVENTION CENTER<\/h1>\r\n<h3>BUSINESS HOTEL AM FLUGHAFEN VENEDIG<\/h3>\r\n[\/vc_column_text][\/vc_column][\/vc_row][vc_row][vc_column][vc_column_text]Nutzen Sie unsere Erfahrung als Tagungsplaner um Ihre erfolgreiche Veranstaltung in Padua zu organisieren.\r\n\r\nDies ist ein KOSTENLOSER\u00a0Service! Fragen Sie uns!\r\n\r\nKonzentrieren Sie sich auf Ihre eigene professionelle Initiative und \u00fcberlassen Sie die Details dem Point Hotel **** Piove di Sacco Padova. Angefangen von der Begr\u00fc\u03b2ung bis zur der Wahl des Men\u00fcs recherchieren und planen wir alles um Ihre Bed\u00fcrfnisse zu erf\u00fcllen und Ihre G\u00e4ste mit Sorgfalt und Pr\u00e4zision zu verw\u00f6hnen.\r\n\r\n<strong>Ihr Vertrauen in uns, wird Sie sehr zufrieden stellen!<\/strong>\r\n<h3>IHRE OPTIONEN<\/h3>\r\nDas Kongresszentrum in unserem Hotel ist mit audiovisueller technischer Unterst\u00fctzung ausgestattet, und erm\u00f6glicht Ihnen jede Art von Meeting, in einer kreativen und ruhigen Atmosph\u00e4re.\r\n\r\nW\u00e4hlen Sie eines unserer M\u00f6glichkeiten:[\/vc_column_text][\/vc_column][\/vc_row][vc_row][vc_column][vc_column_text]\r\n<h2>Bamb\u00f9 Saal<\/h2>\r\n[\/vc_column_text][\/vc_column][\/vc_row][vc_row][vc_column width=&#8220;7\/12&#8243;][vc_column_text]<strong>Saalgr\u00f6\u00dfe:<\/strong> 30 mq, 10&#215;3 m.\r\n<strong>kann der Raum bis zu:<\/strong>\u00a030 Personen\r\n\r\nF\u00fcr diejenigen, die nach einem kleinen, ruhigen Konferenzraum in Padua suchen, abseits des Chaos der Stadt, mit viel nat\u00fcrlichem Licht, gro\u00dfen Fenstern umgeben von Bambuspflanzen. Das Point Hotel mit 4 Sternen in Piove di Sacco Padua ist die Beste Wahl!\r\n\r\nJe nach ben\u00f6tigter Ausstattung, kann der Raum bis zu 30 Personen in Theaterbestuhlung aufnehmen.\r\nMobiler Bildschirm und Projektor stehen zur Verf\u00fcgung.[\/vc_column_text][\/vc_column][vc_column width=&#8220;5\/12&#8243;][vc_media_grid element_width=&#8220;6&#8243; grid_id=&#8220;vc_gid:1531839465603-37af4f71-cff9-0&#8243; include=&#8220;4556,4559&#8243;][\/vc_column][\/vc_row][vc_row][vc_column][vc_empty_space][\/vc_column][\/vc_row][vc_row][vc_column][vc_column_text]\r\n<h2>Green Saal<\/h2>\r\n[\/vc_column_text][\/vc_column][\/vc_row][vc_row][vc_column width=&#8220;7\/12&#8243;][vc_column_text]<strong>Saalgr\u00f6\u00dfe:<\/strong> 110 mq, 10&#215;11 m.\r\n<strong>Raumangebot:\u00a0<\/strong>20 Personen Hufeisenanordnung, 70 Personen Theateranordnung, 27 Personen Klassenzimmer Anordnung\r\n\r\nEleganz, Schlichtheit und Moderne sind die Philosophien die unserem Vier-Sterne- Hotel zugrundeliegen. Die leise, helle und beruhigende Umgebung machen den gr\u00fcnen Raum zu einem einzigartigen Business Hotel in Padua.\r\nDank der Vielseitigkeit unserer Ausstattung k\u00f6nnen wir die verschiedensten Arten von Veranstaltungen ausrichten.\r\nDie Kapazit\u00e4t liegt im Bereich von etwa 20\u00a0bis\u00a0zu 70 Personen .\r\n\r\n<strong>Verf\u00fcgbare Ausr\u00fcstung:<\/strong>\r\n<ul>\r\n \t<li>feste und mobile Bildschirme<\/li>\r\n \t<li>Beamer<\/li>\r\n \t<li>kabelloses\u00a0Mikrofon<\/li>\r\n \t<li>Konferenztisch und Totem aus Tanganyika<\/li>\r\n \t<li>Schreibwaren f\u00fcr die Teilnehmer<\/li>\r\n \t<li>St\u00fchle mit Schreibtablett<\/li>\r\n<\/ul>\r\n[\/vc_column_text][\/vc_column][vc_column width=&#8220;5\/12&#8243;][vc_media_grid element_width=&#8220;6&#8243; grid_id=&#8220;vc_gid:1531839465607-ac2fc662-df10-8&#8243; include=&#8220;4563,4564,4565,4566&#8243;][\/vc_column][\/vc_row]<\/div>","protected":false},"excerpt":{"rendered":"[vc_row full_width=&#8220;stretch_row_content_no_spaces&#8220;][vc_column][vc_column_text][\/vc_column_text][\/vc_column][\/vc_row][vc_row][vc_column][vc_column_text] CONVENTION CENTER BUSINESS HOTEL AM FLUGHAFEN VENEDIG [\/vc_column_text][\/vc_column][\/vc_row][vc_row][vc_column][vc_column_text]Nutzen Sie unsere Erfahrung als Tagungsplaner um Ihre erfolgreiche Veranstaltung in Padua zu organisieren. Dies ist ein KOSTENLOSER\u00a0Service! Fragen Sie uns! Konzentrieren Sie sich auf Ihre eigene professionelle Initiative und \u00fcberlassen Sie die Details dem Point Hotel **** Piove di Sacco Padova. Angefangen von der Begr\u00fc\u03b2ung [&hellip;]","protected":false},"author":24,"featured_media":4552,"parent":0,"menu_order":0,"comment_status":"closed","ping_status":"closed","template":"","meta":{"_acf_changed":false,"inline_featured_image":false,"footnotes":""},"class_list":["post-4424","page","type-page","status-publish","has-post-thumbnail","hentry"],"acf":[],"_links":{"self":[{"href":"https:\/\/www.old-pointhotel.promoservicebeta.com\/de\/wp-json\/wp\/v2\/pages\/4424","targetHints":{"allow":["GET"]}}],"collection":[{"href":"https:\/\/www.old-pointhotel.promoservicebeta.com\/de\/wp-json\/wp\/v2\/pages"}],"about":[{"href":"https:\/\/www.old-pointhotel.promoservicebeta.com\/de\/wp-json\/wp\/v2\/types\/page"}],"author":[{"embeddable":true,"href":"https:\/\/www.old-pointhotel.promoservicebeta.com\/de\/wp-json\/wp\/v2\/users\/24"}],"replies":[{"embeddable":true,"href":"https:\/\/www.old-pointhotel.promoservicebeta.com\/de\/wp-json\/wp\/v2\/comments?post=4424"}],"version-history":[{"count":0,"href":"https:\/\/www.old-pointhotel.promoservicebeta.com\/de\/wp-json\/wp\/v2\/pages\/4424\/revisions"}],"wp:featuredmedia":[{"embeddable":true,"href":"https:\/\/www.old-pointhotel.promoservicebeta.com\/de\/wp-json\/wp\/v2\/media\/4552"}],"wp:attachment":[{"href":"https:\/\/www.old-pointhotel.promoservicebeta.com\/de\/wp-json\/wp\/v2\/media?parent=4424"}],"curies":[{"name":"wp","href":"https:\/\/api.w.org\/{rel}","templated":true}]}}