{"id":2,"date":"2016-11-03T16:24:16","date_gmt":"2016-11-03T15:24:16","guid":{"rendered":"http:\/\/holidaytorbole.it\/?page_id=2"},"modified":"2023-12-15T15:06:25","modified_gmt":"2023-12-15T14:06:25","slug":"home","status":"publish","type":"page","link":"https:\/\/www.old-pointhotel.promoservicebeta.com\/de\/","title":{"rendered":"Home"},"content":{"rendered":"<div class=\"wpb-content-wrapper\">[vc_row full_width=&#8220;stretch_row_content_no_spaces&#8220; content_placement=&#8220;top&#8220;][vc_column][vc_column_text]<div id=\"fusionBtnBar\"><a href=\"https:\/\/booking.passepartout.cloud\/booking?oidPortale=14397&lingua=de\"><img decoding=\"async\" src=\"https:\/\/www.pointhotel.it\/wp-content\/themes\/gestionealbergo\/images\/ring-reception-white.png\" \/>Buchen Sie<\/a><\/div>[\/vc_column_text][\/vc_column][\/vc_row][vc_row full_width=&#8220;stretch_row_content_no_spaces&#8220; content_placement=&#8220;top&#8220; el_id=&#8220;row-comparatore&#8220; css=&#8220;.vc_custom_1540462402213{margin-top: -135px !important;}&#8220;][vc_column][vc_column_text]<div class=\"pricecomparison-section-bkg\"><div class=\"site-content container\"><!-- comparatore -->\n<link rel=\"stylesheet\" href=\"https:\/\/www.pointhotel.it\/wp-content\/themes\/gestionealbergo\/comparatore\/comparatore.css\" type=\"text\/css\" \/>\n\n<!-- START Price checker -->\n<style>\n\t.hidden{display: none !important;}\n\t.pc_loaderIcon{font-size: 1em; margin-right: 0.5em;}\n\t.pc_loader{margin-left: auto; margin-right: auto; text-align: center;}\n\t.pc_previewTitle{text-align: center; padding: 1.5em;}\n\t.pc_previewDesktop,.pc_previewMobile{margin-left: auto; margin-right: auto;}\n\t@media (max-width: 768px) {.pc_previewDesktop{display: none; visibility: hidden;}}\n\t@media (min-width: 768px) {.pc_previewMobile{display: none; visibility: hidden;}}\n<\/style>\n<div id=\"pc_maincontainer\" class=\"grid-container\">\n\t<h2 class=\"pc_title\">Auf unserer Seite ist der Preis immer UNSCHLAGBAR!<\/h2>\n\t<div class=\"pc_loader\">\n\t\t<div class=\"pc_previewTitle\">\n\t\t\t<i class=\"fas fa-spinner fa-pulse pc_loaderIcon\"><\/i> Wir suchen den besten Preis\t\t<\/div>\t\n\t\t<!-- Desktop -->\n\t\t<svg class=\"pc_previewDesktop\" width=\"900\" height=\"185\" viewBox=\"0 0 900 185\" fill=\"none\" xmlns=\"http:\/\/www.w3.org\/2000\/svg\">\n\t\t\t<rect x=\"673\" y=\"1\" width=\"226\" height=\"98\" fill=\"white\" stroke=\"#EEEEEE\" stroke-width=\"2\"\/>\n\t\t\t<rect x=\"1\" y=\"1\" width=\"226\" height=\"98\" fill=\"white\" stroke=\"#EEEEEE\" stroke-width=\"2\"\/>\n\t\t\t<rect x=\"20\" y=\"20\" width=\"188\" height=\"60\" fill=\"#EEEEEE\"\/>\n\t\t\t<rect x=\"226\" y=\"1\" width=\"448\" height=\"98\" fill=\"white\" stroke=\"#EEEEEE\" stroke-width=\"2\"\/>\n\t\t\t<rect x=\"391\" y=\"20\" width=\"118\" height=\"12\" fill=\"#EEEEEE\"\/>\n\t\t\t<rect x=\"685\" y=\"33\" width=\"118\" height=\"12\" fill=\"#EEEEEE\"\/>\n\t\t\t<rect x=\"685\" y=\"55\" width=\"50\" height=\"12\" fill=\"#EEEEEE\"\/>\n\t\t\t<rect x=\"743\" y=\"55\" width=\"87\" height=\"12\" fill=\"#EEEEEE\"\/>\n\t\t\t<rect x=\"360\" y=\"42\" width=\"180\" height=\"38\" fill=\"#EEEEEE\"\/>\n\t\t\t<rect x=\"673\" y=\"106\" width=\"226\" height=\"78\" fill=\"white\" stroke=\"#EEEEEE\" stroke-width=\"2\"\/>\n\t\t\t<rect x=\"1\" y=\"106\" width=\"226\" height=\"78\" fill=\"white\" stroke=\"#EEEEEE\" stroke-width=\"2\"\/>\n\t\t\t<rect x=\"42\" y=\"125\" width=\"40\" height=\"40\" fill=\"#EEEEEE\"\/>\n\t\t\t<rect x=\"91\" y=\"130\" width=\"84\" height=\"30\" fill=\"#EEEEEE\"\/>\n\t\t\t<rect x=\"226\" y=\"106\" width=\"448\" height=\"78\" fill=\"white\" stroke=\"#EEEEEE\" stroke-width=\"2\"\/>\n\t\t\t<rect x=\"391\" y=\"143\" width=\"118\" height=\"12\" fill=\"#EEEEEE\"\/>\n\t\t\t<rect x=\"701\" y=\"143\" width=\"118\" height=\"12\" fill=\"#EEEEEE\"\/>\n\t\t\t<path d=\"M861.812 36.5938C861.812 36.8646 861.917 37.1042 862.125 37.3125L874.406 49.5938L862.125 61.875C861.917 62.0833 861.812 62.3229 861.812 62.5938C861.812 62.8646 861.917 63.1042 862.125 63.3125L863.688 64.875C863.896 65.0833 864.135 65.1875 864.406 65.1875C864.677 65.1875 864.917 65.0833 865.125 64.875L879.688 50.3125C879.896 50.1042 880 49.8646 880 49.5938C880 49.3229 879.896 49.0833 879.688 48.875L865.125 34.3125C864.917 34.1042 864.677 34 864.406 34C864.135 34 863.896 34.1042 863.688 34.3125L862.125 35.875C861.917 36.0833 861.812 36.3229 861.812 36.5938Z\" fill=\"#EEEEEE\"\/>\n\t\t\t<path d=\"M861.812 135.594C861.812 135.865 861.917 136.104 862.125 136.312L874.406 148.594L862.125 160.875C861.917 161.083 861.812 161.323 861.812 161.594C861.812 161.865 861.917 162.104 862.125 162.312L863.688 163.875C863.896 164.083 864.135 164.188 864.406 164.188C864.677 164.188 864.917 164.083 865.125 163.875L879.688 149.312C879.896 149.104 880 148.865 880 148.594C880 148.323 879.896 148.083 879.688 147.875L865.125 133.312C864.917 133.104 864.677 133 864.406 133C864.135 133 863.896 133.104 863.688 133.312L862.125 134.875C861.917 135.083 861.812 135.323 861.812 135.594Z\" fill=\"#EEEEEE\"\/>\n\t\t<\/svg>\n\t\t<!-- Mobile -->\n\t\t<svg class=\"pc_previewMobile\" width=\"280\" height=\"241\" viewBox=\"0 0 350 241\" fill=\"none\" xmlns=\"http:\/\/www.w3.org\/2000\/svg\">\n\t\t\t<rect x=\"1\" y=\"1\" width=\"348\" height=\"176\" fill=\"white\" stroke=\"#EEEEEE\" stroke-width=\"2\"\/>\n\t\t\t<rect x=\"139\" y=\"33\" width=\"72\" height=\"12\" fill=\"#EEEEEE\"\/>\n\t\t\t<rect x=\"85\" y=\"63\" width=\"180\" height=\"38\" fill=\"#EEEEEE\"\/>\n\t\t\t<rect x=\"1\" y=\"177\" width=\"348\" height=\"63\" fill=\"white\" stroke=\"#EEEEEE\" stroke-width=\"2\"\/>\n\t\t\t<rect x=\"52\" y=\"150\" width=\"246\" height=\"46\" fill=\"#EEEEEE\"\/>\n\t\t<\/svg>\n\t<\/div>\n\t<div class=\"pc_gridContainer hidden\">\n\t\t<div class=\"pc_otaHtmlTemplate hidden\">\n\t\t\t<div class=\"pc_grid_item pc_ota_title\"><\/div>\n\t\t\t<div class=\"pc_grid_item pc_ota_price\"><\/div>\n\t\t\t<div class=\"pc_grid_item pc_ota_bonus\"><\/div>\n\t\t\t<div class=\"pc_grid_item pc_ota_link\"><a class=\"gaEventPriceCheckerOTA\" href=\"#\" target=\"_blank\"><i class=\"fal fa-angle-right pc_bookIcon\"><\/i><\/a><\/div>\n\t\t<\/div>\n\t\t<div class=\"pc_grid_officialSite\">\n\t\t\t<div class=\"pc_grid_item pc_officialSite_title\">\n\t\t\t\t<img decoding=\"async\" src=\"https:\/\/www.pointhotel.it\/wp-content\/themes\/gestionealbergo\/images\/logo-comp.png\" alt=\"Hotel logo\" data-retina=\"https:\/\/www.pointhotel.it\/wp-content\/themes\/gestionealbergo\/images\/logo-comp.png\">\n\t\t\t\t<p><\/p>\n\t\t\t<\/div>\n\t\t\t<div class=\"pc_grid_item pc_officialSite_price\">\n\t\t\t\t<div class=\"pc_officialSite_priceGross\"><\/div>\n\t\t\t\t<div class=\"pc_officialSite_priceNet\"><\/div>\n\t\t\t<\/div>\n\t\t\t<div class=\"pc_grid_item pc_officialSite_bonus\">\n\t\t\t\t<div class=\"pc_officialSite_bonusTitle\"><\/div>\n\t\t\t\t<div class=\"pc_officialSite_bonusText\"><\/div>\n\t\t\t<\/div>\n\t\t\t<div class=\"pc_grid_item pc_officialSite_link\"><a id=\"gaEventPriceCheckerBE\" href=\"#\"><i class=\"fal fa-chevron-right pc_bookIcon\"><\/i><\/a><\/div>\n\t\t<\/div>\n\t\t<div class=\"pc_grid_ota\"><\/div>\n\n\t\t<p class=\"pc_stayLegend hidden\"><\/p>\n\t<\/div>\n<\/div>\n<script src=\"https:\/\/servizi.promoservice.com\/comparatore\/cdn\/2.0\/js\/ps-pricechecker-main.js\" data-lang=\"de\" data-idhotel=\"pntht\"><\/script>\n<!-- END Price checker --><\/div><\/div>[\/vc_column_text][\/vc_column][\/vc_row][vc_row full_width=&#8220;stretch_row_content_no_spaces&#8220; content_placement=&#8220;top&#8220;][vc_column][vc_empty_space][\/vc_column][\/vc_row][vc_row full_width=&#8220;stretch_row_content&#8220; css=&#8220;.vc_custom_1528980022933{margin-bottom: 20px !important;}&#8220; el_id=&#8220;row-hotel&#8220;][vc_column width=&#8220;1\/2&#8243; el_class=&#8220;row-hotel-text-column&#8220;][vc_column_text el_class=&#8220;row-hotel-title&#8220;]\r\n<h1><a href=\"\/de\/philosophie\/\">POINT HOTEL<\/a><\/h1>\r\n<h3>EIN HERZLICHES UND EINFACHES WILLKOMMEN<\/h3>\r\n[\/vc_column_text][vc_column_text el_class=&#8220;row-hotel-paragraph&#8220;]Modernes Design. Elegante Zimmer. Innovative Lounge-Bar. Fitness. Ideal f\u00fcr Gesch\u00e4ftsreisende, Tagungen und f\u00fcr Ihren n\u00e4chsten Urlaub in Veneto. Herzlich Willkommen!\r\nEin Katzensprung entfernt von den wichtigsten Kunstst\u00e4dten Norditaliens, in der N\u00e4he der Produktionsstandorte<strong>\u00a0Paduas<\/strong>, finden Sie eine der exklusivsten Adressen in der Saccisica. Ein 4-<strong>Sterne<\/strong>-Hotel, in dem die geschickte Nutzung von strukturierten und nat\u00fcrlichen Oberfl\u00e4chen mit warmen Erdt\u00f6nen kombiniert wurden, und Sie von dieser besondere Atmosph\u00e4re umgeben sind in der Sie sich einfach wohlf\u00fchlen k\u00f6nnen.\r\nIm Erdgeschoss finden unsere G\u00e4ste eine stilvolle\u00a0<strong>Lounge-Bar<\/strong>\u00a0und einen Sitzbereich f\u00fcr ein Gespr\u00e4ch. In der gleichen Etage befinden sich der Konferenzraum das\u00a0<strong>Fr\u00fchst\u00fcck<\/strong>\u00a0und ein kleiner Fitnessbereich.\r\nIm ersten Stock sind die klassischen Zimmer, unsere Standard-Zimmer. Im zweiten Stock finden Sie unsere Komfort Zimmer, die mit einem besonderen Augenmerk auf Ihre Entspannung eingerichtet wurden. In der dritten Etage finden Sie unser Superior- Design-Zimmer und die vier im Jahr 2016 komplett renoviert Suiten mit besonderer Aufmerksamkeit auf Hygiene und<strong>\u00a0Design Details<\/strong>.\r\nBegeben Sie sich in den vierten Stock, ist die \u00dcberraschung das spektakul\u00e4re LOFT, in dem sich der Blick bei Sonnenuntergang auf die Euganeischen H\u00fcgel auf die Skyline der Altstadt erstreckt.[\/vc_column_text][\/vc_column][vc_column width=&#8220;1\/2&#8243; css=&#8220;.vc_custom_1529310401894{margin-right: 0px !important;margin-left: 0px !important;padding-right: 0px !important;padding-left: 0px !important;}&#8220; el_id=&#8220;row-hotel-image-column&#8220;][vc_single_image image=&#8220;4433&#8243; img_size=&#8220;full&#8220; css=&#8220;.vc_custom_1529067838679{margin-top: 0px !important;margin-right: 0px !important;margin-bottom: 0px !important;margin-left: 0px !important;border-right-width: 0px !important;border-left-width: 0px !important;padding-top: 0px !important;padding-right: 0px !important;padding-bottom: 0px !important;padding-left: 0px !important;}&#8220;][vc_row_inner el_id=&#8220;row-hotel-button&#8220;][vc_column_inner][vc_column_text]<a class=\"btn-hotel\" href=\"\/de\/philosophie\/\">PHILOSOPHIE<\/a>[\/vc_column_text][vc_empty_space height=&#8220;60px&#8220;][vc_column_text]<a class=\"btn-camere\" href=\"\/de\/zimmer\/\">ZIMMER<\/a>[\/vc_column_text][\/vc_column_inner][\/vc_row_inner][\/vc_column][\/vc_row][vc_row full_width=&#8220;stretch_row&#8220;][vc_column][vc_empty_space height=&#8220;90px&#8220;][\/vc_column][\/vc_row][vc_row full_width=&#8220;stretch_row&#8220; el_class=&#8220;container&#8220;][vc_column el_class=&#8220;text-box&#8220;][vc_row_inner equal_height=&#8220;yes&#8220; el_class=&#8220;services&#8220;][vc_column_inner width=&#8220;1\/5&#8243; offset=&#8220;vc_col-xs-6&#8243;][vc_single_image image=&#8220;4373&#8243; img_size=&#8220;full&#8220; alignment=&#8220;center&#8220; onclick=&#8220;custom_link&#8220; link=&#8220;\/de\/meeting\/&#8220;][vc_column_text]\r\n<p style=\"text-align: center;\"><a href=\"\/de\/meeting\/\">CONVENTION\r\nCENTER <\/a><\/p>\r\n[\/vc_column_text][\/vc_column_inner][vc_column_inner width=&#8220;1\/5&#8243; offset=&#8220;vc_col-xs-6&#8243;][vc_single_image image=&#8220;4375&#8243; img_size=&#8220;full&#8220; alignment=&#8220;center&#8220; onclick=&#8220;custom_link&#8220;][vc_column_text]\r\n<p style=\"text-align: center;\">LAUNGE BAR<\/p>\r\n[\/vc_column_text][\/vc_column_inner][vc_column_inner width=&#8220;1\/5&#8243; offset=&#8220;vc_col-xs-6&#8243;][vc_single_image image=&#8220;4378&#8243; img_size=&#8220;full&#8220; alignment=&#8220;center&#8220; onclick=&#8220;custom_link&#8220;][vc_column_text]\r\n<p style=\"text-align: center;\">KOSTENLOS\r\nPARKEN<\/p>\r\n[\/vc_column_text][\/vc_column_inner][vc_column_inner width=&#8220;1\/5&#8243; offset=&#8220;vc_col-xs-6&#8243;][vc_single_image image=&#8220;4379&#8243; img_size=&#8220;full&#8220; alignment=&#8220;center&#8220;][vc_column_text]\r\n<p style=\"text-align: center;\">KOSTENLOS\r\nWIFI<\/p>\r\n[\/vc_column_text][\/vc_column_inner][vc_column_inner width=&#8220;1\/5&#8243; offset=&#8220;vc_col-xs-6&#8243;][vc_single_image image=&#8220;4376&#8243; img_size=&#8220;full&#8220; alignment=&#8220;center&#8220; onclick=&#8220;custom_link&#8220;][vc_column_text]\r\n<p style=\"text-align: center;\">FITNESSCENTER<\/p>\r\n[\/vc_column_text][\/vc_column_inner][\/vc_row_inner][\/vc_column][\/vc_row][vc_row full_width=&#8220;stretch_row_content_no_spaces&#8220; el_id=&#8220;row-breakfast&#8220; css=&#8220;.vc_custom_1528985909980{margin-bottom: 0px !important;padding-bottom: 0px !important;}&#8220;][vc_column css=&#8220;.vc_custom_1528983515816{margin-right: 0px !important;margin-left: 0px !important;padding-right: 0px !important;padding-left: 0px !important;}&#8220;][vc_single_image image=&#8220;4387&#8243; img_size=&#8220;full&#8220; css=&#8220;.vc_custom_1528986008892{margin-top: 0px !important;margin-right: 0px !important;margin-bottom: 0px !important;margin-left: 0px !important;padding-top: 0px !important;padding-right: 0px !important;padding-bottom: 0px !important;padding-left: 0px !important;}&#8220;][vc_row_inner el_class=&#8220;row-breakfast-text&#8220;][vc_column_inner][vc_column_text]\r\n<h1><a href=\"\/de\/fruhstuck\/\">FR\u00dcHST\u00dcCK<\/a><\/h1>\r\n<h3>START IN DEN TAG\r\nMIT DELIKATESSEN<\/h3>\r\nWir laden Sie jeden Tag ein, einen besonderen Moment in unserem Fr\u00fchst\u00fccksraum zu genie\u00dfen, in dem Sie in einer sehr ruhigen und angenehmen Umgebung empfangen werden.[\/vc_column_text][vc_column_text]\r\n<p style=\"text-align: right;\"><a class=\"btn-white\" href=\"\/de\/fruhstuck\/\">ENTDECKEN<\/a><\/p>\r\n[\/vc_column_text][\/vc_column_inner][\/vc_row_inner][\/vc_column][\/vc_row][vc_row full_width=&#8220;stretch_row_content_no_spaces&#8220; el_id=&#8220;row-meeting&#8220; css=&#8220;.vc_custom_1528986258408{margin-top: 0px !important;margin-right: 0px !important;margin-bottom: 0px !important;margin-left: 0px !important;padding-top: 0px !important;padding-right: 0px !important;padding-bottom: 0px !important;padding-left: 0px !important;}&#8220;][vc_column css=&#8220;.vc_custom_1528986072173{margin-top: 0px !important;margin-right: 0px !important;margin-bottom: 0px !important;margin-left: 0px !important;padding-top: 0px !important;padding-right: 0px !important;padding-bottom: 0px !important;padding-left: 0px !important;}&#8220;][vc_single_image image=&#8220;4395&#8243; img_size=&#8220;full&#8220; css=&#8220;.vc_custom_1528986064766{margin-top: 0px !important;margin-right: 0px !important;margin-bottom: 0px !important;margin-left: 0px !important;padding-top: 0px !important;padding-right: 0px !important;padding-bottom: 0px !important;padding-left: 0px !important;}&#8220;][vc_row_inner el_class=&#8220;row-meeting-text&#8220;][vc_column_inner][vc_column_text]\r\n<h1><a href=\"\/de\/meeting\/\">CONVENTION CENTER<\/a><\/h1>\r\n<h3>BUSINESS HOTEL AM\r\nFLUGHAFEN VENEDIG<\/h3>\r\nDas Kongresszentrum in unserem Hotel ist mit audiovisueller technischer Unterst\u00fctzung ausgestattet, und erm\u00f6glicht Ihnen jede Art von Meeting, in einer kreativen und ruhigen Atmosph\u00e4re.[\/vc_column_text][vc_column_text]\r\n<p style=\"text-align: right;\"><a class=\"btn-white\" href=\"\/de\/meeting\/\">ENTDECKEN<\/a><\/p>\r\n[\/vc_column_text][\/vc_column_inner][\/vc_row_inner][\/vc_column][\/vc_row][vc_row full_width=&#8220;stretch_row_content_no_spaces&#8220; disable_element=&#8220;yes&#8220; el_id=&#8220;row-restaurant&#8220; css=&#8220;.vc_custom_1702649110938{margin-top: 0px !important;margin-right: 0px !important;margin-bottom: 0px !important;margin-left: 0px !important;padding-top: 0px !important;padding-right: 0px !important;padding-bottom: 0px !important;padding-left: 0px !important;}&#8220;][vc_column css=&#8220;.vc_custom_1528986072173{margin-top: 0px !important;margin-right: 0px !important;margin-bottom: 0px !important;margin-left: 0px !important;padding-top: 0px !important;padding-right: 0px !important;padding-bottom: 0px !important;padding-left: 0px !important;}&#8220;][vc_single_image image=&#8220;4403&#8243; img_size=&#8220;full&#8220; css=&#8220;.vc_custom_1528986372819{margin-top: 0px !important;margin-right: 0px !important;margin-bottom: 0px !important;margin-left: 0px !important;padding-top: 0px !important;padding-right: 0px !important;padding-bottom: 0px !important;padding-left: 0px !important;}&#8220;][vc_row_inner el_class=&#8220;row-restaurant-text&#8220;][vc_column_inner][vc_column_text]\r\n<h1><a href=\"\/de\/restaurant\/\">DAS RESTAURANT<\/a><\/h1>\r\n<h3>VON FORMELLEN ABENDESSEN ZU\r\nDEN INTIMSTEN ZEREMONIEN<\/h3>\r\nJedes Ereignis wird einzigartig und exklusiv sein, weil bei der Wahl des Restaurants LOFT als Veranstaltungsort, wird Ihnen das Lokal exklusive zur Verf\u00fcgung gestellt.[\/vc_column_text][vc_column_text]\r\n<p style=\"text-align: right;\"><a class=\"btn-white\" href=\"\/de\/restaurant\/\">ENTDECKEN<\/a><\/p>\r\n[\/vc_column_text][\/vc_column_inner][\/vc_row_inner][\/vc_column][\/vc_row][vc_row full_width=&#8220;stretch_row_content_no_spaces&#8220; el_id=&#8220;row-staff&#8220; css=&#8220;.vc_custom_1528989368810{background-color: #f9f9f9 !important;}&#8220;][vc_column][vc_empty_space][vc_row_inner css=&#8220;.vc_custom_1528990266976{margin-bottom: 0px !important;padding-bottom: 0px !important;}&#8220;][vc_column_inner width=&#8220;1\/2&#8243; offset=&#8220;vc_hidden-sm vc_hidden-xs&#8220;][vc_single_image image=&#8220;4410&#8243; img_size=&#8220;full&#8220; alignment=&#8220;center&#8220; css=&#8220;.vc_custom_1528990224569{margin-bottom: 0px !important;padding-bottom: 0px !important;}&#8220;][\/vc_column_inner][vc_column_inner el_class=&#8220;row-staff-text&#8220; offset=&#8220;vc_col-lg-6 vc_col-md-6 vc_col-xs-12&#8243;][vc_column_text]\r\n<h1><a href=\"\/de\/staff\/\">UNSER HOTEL<\/a><\/h1>\r\n<h3>F\u00dcR DIEJENIGEN, DIE ES SICH GERNE GUT GEHEN LASSEN, IN ELEGANTER, GEHOBENER UND MODERNER UMGEBUNG.<\/h3>\r\nDas Point Hotel Piove di Sacco Management ist den Schwestern Maila und Manola anvertraut, die Sie jeden Tag mit Begeisterung, Freundlichkeit und Spontanit\u00e4t begr\u00fc\u00dfen.[\/vc_column_text][vc_column_text el_class=&#8220;staff-button&#8220;]\r\n<p style=\"text-align: right;\"><a class=\"btn-white\" href=\"\/de\/staff\/\">ENTDECKEN<\/a><\/p>\r\n[\/vc_column_text][\/vc_column_inner][\/vc_row_inner][\/vc_column][\/vc_row][vc_row full_width=&#8220;stretch_row_content_no_spaces&#8220; el_class=&#8220;container&#8220; el_id=&#8220;social-row&#8220;][vc_column][vc_column_text]\r\n<h1 style=\"text-align: center;\">UNSERE SOCIAL<\/h1>\r\n[\/vc_column_text][vc_raw_js]JTNDc2NyaXB0JTIwYXN5bmMlMjBzcmMlM0QlMjJodHRwcyUzQSUyRiUyRndhbGxzLmlvJTJGanMlMkZ3YWxsc2lvLXdpZGdldC0xLjIuanMlMjIlMjBkYXRhLXdhbGx1cmwlM0QlMjJodHRwcyUzQSUyRiUyRm15LndhbGxzLmlvJTJGYjNuOHYlM0Zub2JhY2tncm91bmQlM0QxJTI2YW1wJTNCc2hvd19oZWFkZXIlM0QwJTIyJTIwZGF0YS10aXRsZSUzRCUyMk15JTIwc29jaWFsJTIwd2FsbCUyMiUyMGRhdGEtd2lkdGglM0QlMjIxMDAlMjUlMjIlMjBkYXRhLWF1dG9oZWlnaHQlM0QlMjIxJTIyJTIwZGF0YS1oZWlnaHQlM0QlMjI4MDAlMjIlMjBkYXRhLWxhenlsb2FkJTNEJTIyMSUyMiUzRSUzQyUyRnNjcmlwdCUzRQ==[\/vc_raw_js][\/vc_column][\/vc_row]<\/div>","protected":false},"excerpt":{"rendered":"[vc_row full_width=&#8220;stretch_row_content_no_spaces&#8220; content_placement=&#8220;top&#8220;][vc_column][vc_column_text][\/vc_column_text][\/vc_column][\/vc_row][vc_row full_width=&#8220;stretch_row_content_no_spaces&#8220; content_placement=&#8220;top&#8220; el_id=&#8220;row-comparatore&#8220; css=&#8220;.vc_custom_1540462402213{margin-top: -135px !important;}&#8220;][vc_column][vc_column_text][\/vc_column_text][\/vc_column][\/vc_row][vc_row full_width=&#8220;stretch_row_content_no_spaces&#8220; content_placement=&#8220;top&#8220;][vc_column][vc_empty_space][\/vc_column][\/vc_row][vc_row full_width=&#8220;stretch_row_content&#8220; css=&#8220;.vc_custom_1528980022933{margin-bottom: 20px !important;}&#8220; el_id=&#8220;row-hotel&#8220;][vc_column width=&#8220;1\/2&#8243; el_class=&#8220;row-hotel-text-column&#8220;][vc_column_text el_class=&#8220;row-hotel-title&#8220;] POINT HOTEL EIN HERZLICHES UND EINFACHES WILLKOMMEN [\/vc_column_text][vc_column_text el_class=&#8220;row-hotel-paragraph&#8220;]Modernes Design. Elegante Zimmer. Innovative Lounge-Bar. Fitness. Ideal f\u00fcr Gesch\u00e4ftsreisende, Tagungen und f\u00fcr Ihren n\u00e4chsten Urlaub in Veneto. Herzlich Willkommen! Ein Katzensprung entfernt von den wichtigsten Kunstst\u00e4dten Norditaliens, [&hellip;]","protected":false},"author":24,"featured_media":0,"parent":0,"menu_order":0,"comment_status":"closed","ping_status":"open","template":"","meta":{"_acf_changed":false,"inline_featured_image":false,"footnotes":""},"class_list":["post-2","page","type-page","status-publish","hentry"],"acf":[],"_links":{"self":[{"href":"https:\/\/www.old-pointhotel.promoservicebeta.com\/de\/wp-json\/wp\/v2\/pages\/2","targetHints":{"allow":["GET"]}}],"collection":[{"href":"https:\/\/www.old-pointhotel.promoservicebeta.com\/de\/wp-json\/wp\/v2\/pages"}],"about":[{"href":"https:\/\/www.old-pointhotel.promoservicebeta.com\/de\/wp-json\/wp\/v2\/types\/page"}],"author":[{"embeddable":true,"href":"https:\/\/www.old-pointhotel.promoservicebeta.com\/de\/wp-json\/wp\/v2\/users\/24"}],"replies":[{"embeddable":true,"href":"https:\/\/www.old-pointhotel.promoservicebeta.com\/de\/wp-json\/wp\/v2\/comments?post=2"}],"version-history":[{"count":9,"href":"https:\/\/www.old-pointhotel.promoservicebeta.com\/de\/wp-json\/wp\/v2\/pages\/2\/revisions"}],"predecessor-version":[{"id":5041,"href":"https:\/\/www.old-pointhotel.promoservicebeta.com\/de\/wp-json\/wp\/v2\/pages\/2\/revisions\/5041"}],"wp:attachment":[{"href":"https:\/\/www.old-pointhotel.promoservicebeta.com\/de\/wp-json\/wp\/v2\/media?parent=2"}],"curies":[{"name":"wp","href":"https:\/\/api.w.org\/{rel}","templated":true}]}}