{"id":1177,"date":"2017-07-03T12:03:45","date_gmt":"2017-07-03T10:03:45","guid":{"rendered":"http:\/\/www.residenceprati.it\/it\/?page_id=1177"},"modified":"2018-07-27T13:32:21","modified_gmt":"2018-07-27T11:32:21","slug":"contatti","status":"publish","type":"page","link":"https:\/\/www.old-pointhotel.promoservicebeta.com\/de\/contatti\/","title":{"rendered":"Kontakte"},"content":{"rendered":"<div class=\"wpb-content-wrapper\">[vc_row][vc_column][vc_custom_heading text=&#8220;Jederzeit erreichbar&#8220; font_container=&#8220;tag:h1|text_align:center&#8220; use_theme_fonts=&#8220;yes&#8220;][vc_single_image image=&#8220;3141&#8243; img_size=&#8220;full&#8220; alignment=&#8220;center&#8220;][vc_column_text]\r\n<p style=\"text-align: center;\">Wir stehen Ihnen jederzeit f\u00fcr eventuelle Fragen oder Informationen zur Verf\u00fcgung. Sie k\u00f6nnen uns direkt anrufen, eine E-Mail an die genannte Adresse senden oder direkt das untenstehende Formular ausf\u00fcllen. Wir werden Ihnen in jedem Fall schnellstm\u00f6glich antworten.<\/p>\r\n[\/vc_column_text][vc_row_inner][vc_column_inner width=&#8220;1\/4&#8243;][\/vc_column_inner][vc_column_inner width=&#8220;1\/4&#8243;][vc_column_text]\r\n<h3 style=\"text-align: center;\">Telefon<\/h3>\r\n<p style=\"text-align: center;\"><a href=\"tel:+390499705279\">+39 049 9705279<\/a><\/p>\r\n\r\n<h3 style=\"text-align: center;\">Email<\/h3>\r\n<p style=\"text-align: center;\"><a href=\"mailto:info@pointhotel.it\">info@pointhotel.it<\/a><\/p>\r\n[\/vc_column_text][\/vc_column_inner][vc_column_inner width=&#8220;1\/4&#8243;][vc_column_text]\r\n<h3 style=\"text-align: center;\">Lage<\/h3>\r\n<p style=\"text-align: center;\">Via Adige, 2\r\nPiove di Sacco\r\nPadua &#8211; Italien<\/p>\r\n[\/vc_column_text][\/vc_column_inner][vc_column_inner width=&#8220;1\/4&#8243;][\/vc_column_inner][\/vc_row_inner][\/vc_column][\/vc_row][vc_row full_width=&#8220;stretch_row&#8220; css=&#8220;.vc_custom_1516974395320{margin-bottom: 0px !important;padding-bottom: 35px !important;background-image: url(https:\/\/www.pointhotel.it\/wp-content\/uploads\/revslider\/home-slider-it\/banner-principale.jpg?id=3804) !important;background-position: center !important;background-repeat: no-repeat !important;background-size: cover !important;}&#8220;][vc_column][vc_row_inner el_class=&#8220;container&#8220; css=&#8220;.vc_custom_1516974359925{margin-top: 50px !important;margin-bottom: 50px !important;background-color: #ffffff !important;}&#8220;][vc_column_inner]\n<div class=\"wpcf7 no-js\" id=\"wpcf7-f174-o3\" lang=\"it-IT\" dir=\"ltr\" data-wpcf7-id=\"174\">\n<div class=\"screen-reader-response\"><p role=\"status\" aria-live=\"polite\" aria-atomic=\"true\"><\/p> <ul><\/ul><\/div>\n<form action=\"\/de\/wp-json\/wp\/v2\/pages\/1177#wpcf7-f174-o3\" method=\"post\" class=\"wpcf7-form init\" aria-label=\"Modulo di contatto\" novalidate=\"novalidate\" data-status=\"init\">\n<fieldset class=\"hidden-fields-container\"><input type=\"hidden\" name=\"_wpcf7\" value=\"174\" \/><input type=\"hidden\" name=\"_wpcf7_version\" value=\"6.1.1\" \/><input type=\"hidden\" name=\"_wpcf7_locale\" value=\"it_IT\" \/><input type=\"hidden\" name=\"_wpcf7_unit_tag\" value=\"wpcf7-f174-o3\" \/><input type=\"hidden\" name=\"_wpcf7_container_post\" value=\"0\" \/><input type=\"hidden\" name=\"_wpcf7_posted_data_hash\" value=\"\" \/>\n<\/fieldset>\n<p><span id=\"wpcf7-6a087ef4d234d-wrapper\" class=\"wpcf7-form-control-wrap email-409-wrap\" style=\"display:none !important; visibility:hidden !important;\"><label for=\"wpcf7-6a087ef4d234d-field\" class=\"hp-message\">Si prega di lasciare vuoto questo campo.<\/label><input id=\"wpcf7-6a087ef4d234d-field\"  class=\"wpcf7-form-control wpcf7-text\" type=\"text\" name=\"email-409\" value=\"\" size=\"40\" tabindex=\"-1\" autocomplete=\"new-password\" \/><\/span>\n<\/p>\n<div class=\"contact-form\">\n\t<div class=\"row row-eq-height\">\n\t\t<div class=\"col-md-6 col-sm-6 left-col\">\n\t\t\t<p><span class=\"wpcf7-form-control-wrap\" data-name=\"your-message\"><textarea cols=\"40\" rows=\"10\" maxlength=\"2000\" class=\"wpcf7-form-control wpcf7-textarea field-textarea\" aria-invalid=\"false\" placeholder=\"Text\" name=\"your-message\"><\/textarea><\/span>\n\t\t\t<\/p>\n\t\t<\/div>\n\t\t<div class=\"col-md-6 col-sm-6 right-col\">\n\t\t\t<div class=\"right-col-stamp\">\n\t\t\t\t<p><img decoding=\"async\" src=\"\/wp-content\/uploads\/2018\/01\/francobollo.png\" \/>\n\t\t\t\t<\/p>\n\t\t\t<\/div>\n\t\t\t<div class=\"right-col-fields\">\n\t\t\t\t<p><span class=\"wpcf7-form-control-wrap\" data-name=\"your-name\"><input size=\"40\" maxlength=\"400\" class=\"wpcf7-form-control wpcf7-text wpcf7-validates-as-required field-text\" aria-required=\"true\" aria-invalid=\"false\" placeholder=\"Name und Nachname*\" value=\"\" type=\"text\" name=\"your-name\" \/><\/span><br \/>\n<span class=\"wpcf7-form-control-wrap\" data-name=\"your-email\"><input size=\"40\" maxlength=\"400\" class=\"wpcf7-form-control wpcf7-email wpcf7-validates-as-required wpcf7-text wpcf7-validates-as-email field-text\" aria-required=\"true\" aria-invalid=\"false\" placeholder=\"Email*\" value=\"\" type=\"email\" name=\"your-email\" \/><\/span><br \/>\n<span class=\"wpcf7-form-control-wrap\" data-name=\"checkbox-terms\"><span class=\"wpcf7-form-control wpcf7-checkbox wpcf7-validates-as-required wpcf7-exclusive-checkbox\"><span class=\"wpcf7-list-item first last\"><input type=\"checkbox\" name=\"checkbox-terms\" value=\"*\" \/><span class=\"wpcf7-list-item-label\">*<\/span><\/span><\/span><\/span><br \/>\n[recaptcha]<br \/>\n<input class=\"wpcf7-form-control wpcf7-submit has-spinner ev-cont-it btn-blue\" type=\"submit\" value=\"SENDEN\" \/><br \/>\n\t\t\t\t<div class=\"wpcf7-response-output\" aria-hidden=\"true\"><\/div>\n\t\t\t<\/div>\n\t\t<\/div>\n\t\t<div class=\"clearfix\">\n\t\t<\/div>\n\t<\/div>\n<\/div><input type='hidden' class='wpcf7-pum' value='{\"closepopup\":false,\"closedelay\":0,\"openpopup\":false,\"openpopup_id\":0}' \/>\n<\/form>\n<\/div>\n[\/vc_column_inner][\/vc_row_inner][\/vc_column][\/vc_row][vc_row full_width=&#8220;stretch_row_content_no_spaces&#8220; css=&#8220;.vc_custom_1516965330223{margin-top: 0px !important;margin-right: 0px !important;margin-bottom: 0px !important;margin-left: 0px !important;border-top-width: 0px !important;border-right-width: 0px !important;border-bottom-width: 0px !important;border-left-width: 0px !important;padding-top: 0px !important;padding-right: 0px !important;padding-bottom: 0px !important;padding-left: 0px !important;}&#8220;][vc_column css=&#8220;.vc_custom_1516965292808{margin: 0px !important;border-width: 0px !important;padding: 0px !important;}&#8220;][vc_column_text css=&#8220;.vc_custom_1516965576181{margin-top: 0px !important;margin-right: 0px !important;margin-bottom: 0px !important;margin-left: 0px !important;border-top-width: 0px !important;border-right-width: 0px !important;border-bottom-width: 0px !important;border-left-width: 0px !important;padding-top: 0px !important;padding-right: 0px !important;padding-bottom: 0px !important;padding-left: 0px !important;}&#8220;]<div class=\"wpgmp_map_container wpgmp-map-4\" rel=\"map4\"><div class=\"wpgmp_map \" style=\"width:100%; height:700px;\" id=\"map4\" ><\/div><\/div><script>jQuery(document).ready(function($) {var map4 = $(\"#map4\").maps({\"map_options\":{\"center_lat\":\"45.3027238\",\"center_lng\":\"12.02116490000003\",\"zoom\":13,\"map_type_id\":\"ROADMAP\",\"center_by_nearest\":false,\"fit_bounds\":false,\"center_circle_fillcolor\":\"#8CAEF2\",\"center_circle_fillopacity\":\".5\",\"center_circle_strokecolor\":\"#8CAEF2\",\"center_circle_strokeopacity\":\".5\",\"center_circle_radius\":\"5\",\"show_center_circle\":false,\"show_center_marker\":false,\"center_marker_icon\":\"http:\\\/\\\/www.residenceprati.it\\\/wp-content\\\/plugins\\\/wp-google-map-gold\\\/assets\\\/images\\\/\\\/default_marker.png\",\"center_marker_infowindow\":\"\",\"center_circle_strokeweight\":\"1\",\"draggable\":true,\"scroll_wheel\":true,\"display_45_imagery\":\"45\",\"gesture\":\"auto\",\"marker_default_icon\":\"https:\\\/\\\/www.pointhotel.it\\\/wp-content\\\/plugins\\\/wp-google-map-gold\\\/assets\\\/images\\\/icons\\\/google-map-default-icon.png\",\"infowindow_setting\":\"<div class=\\\"fc-main\\\">\\n<div class=\\\"fc-item-title\\\">{marker_title} <span class=\\\"fc-badge info\\\">{marker_category}<\\\/span><\\\/div>\\n<div class=\\\"fc-item-featured_image\\\">{marker_image} <\\\/div>\\n<p>{marker_message}<\\\/p>\\n<address><b>Address : <\\\/b>{marker_address}<\\\/address>\\n<\\\/div>\\n\",\"infowindow_geotags_setting\":\"<div class=\\\"post_body\\\">\\n<div class=\\\"geotags_link\\\"><a  target=\\\"_blank\\\" href=\\\"{post_link}\\\">{post_title}<\\\/a><\\\/div>\\n<p><a  target=\\\"_blank\\\" href=\\\"{post_link}\\\">{post_featured_image}<\\\/a><br \\\/>\\n{post_excerpt}<\\\/p>\\n<div class=\\\"wpgmp_meta_data\\\">{post_categories}<\\\/div>\\n<div  class=\\\"wpgmp_meta_data\\\">{post_tags}<\\\/div>\\n<\\\/div>\\n\",\"infowindow_bounce_animation\":\"\",\"infowindow_drop_animation\":false,\"close_infowindow_on_map_click\":false,\"default_infowindow_open\":false,\"infowindow_open_event\":\"click\",\"infowindow_filter_only\":false,\"infowindow_click_change_zoom\":0,\"infowindow_click_change_center\":false,\"full_screen_control\":true,\"search_control\":true,\"zoom_control\":true,\"map_type_control\":true,\"street_view_control\":true,\"mobile_specific\":false,\"zoom_mobile\":0,\"draggable_mobile\":true,\"scroll_wheel_mobile\":true,\"full_screen_control_position\":\"TOP_RIGHT\",\"search_control_position\":\"TOP_LEFT\",\"zoom_control_position\":\"TOP_LEFT\",\"map_type_control_position\":\"TOP_RIGHT\",\"map_type_control_style\":\"HORIZONTAL_BAR\",\"street_view_control_position\":\"TOP_LEFT\",\"map_control\":true,\"map_control_settings\":[],\"screens\":{\"smartphones\":{\"map_width_mobile\":\"\",\"map_height_mobile\":\"\",\"map_zoom_level_mobile\":\"5\"},\"ipads\":{\"map_width_mobile\":\"\",\"map_height_mobile\":\"\",\"map_zoom_level_mobile\":\"5\"},\"large-screens\":{\"map_width_mobile\":\"\",\"map_height_mobile\":\"\",\"map_zoom_level_mobile\":\"5\"}},\"map_infowindow_customisations\":false,\"infowindow_border_color\":\"rgba(0, 0, 0, 0.0980392)\",\"infowindow_bg_color\":\"#fff\",\"show_infowindow_header\":false,\"min_zoom\":\"0\",\"max_zoom\":\"19\",\"width\":\"\",\"height\":\"700\"},\"places\":[{\"id\":\"1\",\"title\":\"Hotel Point\",\"address\":\"Via Adige, 2, 35028 Piove di sacco PD\",\"source\":\"manual\",\"content\":\"\",\"location\":{\"icon\":\"https:\\\/\\\/www.pointhotel.it\\\/wp-content\\\/plugins\\\/wp-google-map-gold\\\/assets\\\/images\\\/icons\\\/google-map-default-icon.png\",\"lat\":\"45.3027238\",\"lng\":\"12.02116490000003\",\"city\":\"Piove di sacco\",\"state\":\"Padova\",\"country\":\"Italy\",\"onclick_action\":\"marker\",\"redirect_custom_link\":\"\",\"marker_image\":\"<img src='https:\\\/\\\/www.pointhotel.it\\\/wp-content\\\/uploads\\\/2018\\\/02\\\/default_marker.png' class='wpgmp_marker_image' \\\/>\",\"open_new_tab\":\"yes\",\"postal_code\":\"35028\",\"draggable\":false,\"infowindow_default_open\":false,\"animation\":\"BOUNCE\",\"infowindow_disable\":true,\"zoom\":5,\"extra_fields\":{\"listorder\":0}},\"categories\":[],\"custom_filters\":[]}],\"styles\":null,\"street_view\":null,\"routes\":null,\"marker_cluster\":null,\"overlay_setting\":null,\"panning_control\":null,\"map_tabs\":{\"category_tab\":null,\"direction_tab\":null,\"nearby_tab\":null,\"route_tab\":null},\"listing\":null,\"map_property\":{\"map_id\":\"4\"},\"shapes\":{\"drawing_editable\":false},\"filters\":{\"custom_filters\":[],\"filters_container\":\"[data-container=\\\"wpgmp-filters-container\\\"]\"}}).data(\"wpgmp_maps\");});<\/script><style>.wpgmp-map-4 ,.wpgmp-map-4  .wpgmp_tabs_container,.wpgmp-map-4  .wpgmp_listing_container { font-size : 16px !important;}<\/style>[\/vc_column_text][\/vc_column][\/vc_row]<\/div>","protected":false},"excerpt":{"rendered":"[vc_row][vc_column][vc_custom_heading text=&#8220;Jederzeit erreichbar&#8220; font_container=&#8220;tag:h1|text_align:center&#8220; use_theme_fonts=&#8220;yes&#8220;][vc_single_image image=&#8220;3141&#8243; img_size=&#8220;full&#8220; alignment=&#8220;center&#8220;][vc_column_text] Wir stehen Ihnen jederzeit f\u00fcr eventuelle Fragen oder Informationen zur Verf\u00fcgung. Sie k\u00f6nnen uns direkt anrufen, eine E-Mail an die genannte Adresse senden oder direkt das untenstehende Formular ausf\u00fcllen. Wir werden Ihnen in jedem Fall schnellstm\u00f6glich antworten. [\/vc_column_text][vc_row_inner][vc_column_inner width=&#8220;1\/4&#8243;][\/vc_column_inner][vc_column_inner width=&#8220;1\/4&#8243;][vc_column_text] Telefon +39 049 9705279 Email info@pointhotel.it [\/vc_column_text][\/vc_column_inner][vc_column_inner [&hellip;]","protected":false},"author":24,"featured_media":0,"parent":0,"menu_order":0,"comment_status":"closed","ping_status":"closed","template":"","meta":{"_acf_changed":false,"inline_featured_image":false,"footnotes":""},"class_list":["post-1177","page","type-page","status-publish","hentry"],"acf":[],"_links":{"self":[{"href":"https:\/\/www.old-pointhotel.promoservicebeta.com\/de\/wp-json\/wp\/v2\/pages\/1177","targetHints":{"allow":["GET"]}}],"collection":[{"href":"https:\/\/www.old-pointhotel.promoservicebeta.com\/de\/wp-json\/wp\/v2\/pages"}],"about":[{"href":"https:\/\/www.old-pointhotel.promoservicebeta.com\/de\/wp-json\/wp\/v2\/types\/page"}],"author":[{"embeddable":true,"href":"https:\/\/www.old-pointhotel.promoservicebeta.com\/de\/wp-json\/wp\/v2\/users\/24"}],"replies":[{"embeddable":true,"href":"https:\/\/www.old-pointhotel.promoservicebeta.com\/de\/wp-json\/wp\/v2\/comments?post=1177"}],"version-history":[{"count":0,"href":"https:\/\/www.old-pointhotel.promoservicebeta.com\/de\/wp-json\/wp\/v2\/pages\/1177\/revisions"}],"wp:attachment":[{"href":"https:\/\/www.old-pointhotel.promoservicebeta.com\/de\/wp-json\/wp\/v2\/media?parent=1177"}],"curies":[{"name":"wp","href":"https:\/\/api.w.org\/{rel}","templated":true}]}}