{"id":1170,"date":"2017-07-03T12:02:24","date_gmt":"2017-07-03T10:02:24","guid":{"rendered":"http:\/\/www.residenceprati.it\/it\/?page_id=1170"},"modified":"2018-10-12T15:43:07","modified_gmt":"2018-10-12T13:43:07","slug":"le-camere","status":"publish","type":"page","link":"https:\/\/www.old-pointhotel.promoservicebeta.com\/de\/le-camere\/","title":{"rendered":"Zimmer"},"content":{"rendered":"<div class=\"wpb-content-wrapper\">[vc_row full_width=&#8220;stretch_row_content_no_spaces&#8220;][vc_column][vc_column_text]<div id=\"fusionBtnBar\"><a href=\"https:\/\/booking.passepartout.cloud\/booking?oidPortale=14397&lingua=de\"><img decoding=\"async\" src=\"https:\/\/www.pointhotel.it\/wp-content\/themes\/gestionealbergo\/images\/ring-reception-white.png\" \/>Buchen Sie<\/a><\/div>[\/vc_column_text][\/vc_column][\/vc_row][vc_row css=&#8220;.vc_custom_1529335678615{margin-bottom: 20px !important;}&#8220;][vc_column el_class=&#8220;text-box&#8220;][vc_column_text]\r\n<h1 style=\"text-align: left;\">ZIMMER<\/h1>\r\n<h3>IHR BUSINESS 4 STERNE HOTEL IN PADUA<\/h3>\r\n[\/vc_column_text][\/vc_column][\/vc_row][vc_row][vc_column][vc_column_text]Suchen Sie ein Zimmer in Padua, finden Sie bei uns die\u00a0<strong>Professionalit\u00e4t<\/strong>\u00a0eines 4-Sterne-Hotels, die\u00a0<strong>Freundlichkeit<\/strong>\u00a0des Personals und die Gastfreundschaft einer Familie kombiniert mit dem guten Geschmack und die st\u00e4ndige Bem\u00fchung nach Ihrem Wohlbefinden.\r\n\r\nUnser familiengef\u00fchrte\u00a0<strong>vier-Sterne-Hotel in Padua<\/strong>\u00a0ist ein echtes Boutique-Hotel, das seinen G\u00e4sten\u00a0<strong>klassische<\/strong>\u00a0saubere und\u00a0<strong>komfortabele Zimmer<\/strong>\u00a0bietet. Die Comfort Zimmer, die besonders einem guten Schlaf gewidmet sind, sind geschmackvoll und modern eingerichtet. Die\u00a0<strong>Superior Design Zimmer<\/strong>\u00a0und\u00a0<strong>Suiten<\/strong>\u00a0mit besonderem und metropolitanen Stil. Unsere Wohneinheiten bieten mehr Privatsph\u00e4re, damit unsere G\u00e4ste sich wohl in einer besonderen und sauberen Umgebung.[\/vc_column_text][\/vc_column][\/vc_row][vc_row el_id=&#8220;superiordesign&#8220;][vc_column css=&#8220;.vc_custom_1517218629061{margin-bottom: 15px !important;border-bottom-width: 0px !important;padding-bottom: 0px !important;}&#8220;][vc_column_text]\r\n<h2>Superior Design<\/h2>\r\n[\/vc_column_text][\/vc_column][vc_column width=&#8220;5\/12&#8243; css=&#8220;.vc_custom_1517218576423{margin-top: 0px !important;border-top-width: 0px !important;padding-top: 0px !important;}&#8220;][vc_gallery type=&#8220;flexslider_slide&#8220; interval=&#8220;3&#8243; images=&#8220;4470,4472,4469,4471,4468,4473,4911&#8243; img_size=&#8220;full&#8220;][\/vc_column][vc_column width=&#8220;7\/12&#8243; css=&#8220;.vc_custom_1517218584940{margin-top: 0px !important;border-top-width: 0px !important;padding-top: 0px !important;}&#8220;][vc_column_text css=&#8220;.vc_custom_1532674822085{margin-bottom: 10px !important;}&#8220;]Die <strong>Doppelzimmer Superior Design<\/strong> im Boutique-Hotel Padova sind minimalistisch mit <strong>metropolitanem Charakter<\/strong> eingerichtet.[\/vc_column_text][vc_column_text]\r\n<div class=\"services-list\">\r\n<ul>\r\n \t<li class=\"ico-letto\">In jedem Zimmer finden sie eine <strong>Matraze<\/strong> von 27 cm Dicke mit unabh\u00e4ngigen Taschenfedern<\/li>\r\n \t<li class=\"ico-minibar\"><strong>Minibar<\/strong> mit <strong>Bio-Produkten<\/strong><\/li>\r\n \t<li class=\"ico-tv\">Mediaset Premium verf\u00fcgbar<\/li>\r\n \t<li class=\"ico-wifi\">Kostenloses WiFi im gesamten Hotel<\/li>\r\n \t<li class=\"ico-asciugacapelli\">Profi-Haartrockner<\/li>\r\n \t<li class=\"ico-kitcortesia\">F\u00fcr die Harmonie, haben wir Vanille &amp; Mandel Noten gew\u00e4hlt, eine gro\u00dfe Sammlung, <strong>\u2018Made in Italy\u2019<\/strong><\/li>\r\n \t<li class=\"ico-asciugamano\"><strong>Gr\u00fcne Philosophie<\/strong><\/li>\r\n \t<li class=\"ico-ariacondizionata\">Klimaanlage und Heizung<\/li>\r\n \t<li class=\"ico-telefono\">Direkte Telefonleitung<\/li>\r\n<\/ul>\r\n<\/div>\r\n[\/vc_column_text][vc_column_text el_class=&#8220;btn-dispo-camere&#8220;]<a class=\"btn-blue btn-camere\" href=\"https:\/\/booking.passepartout.cloud\/booking?oidPortale=14397&lingua=de\" target=\"_blank\">BUCHEN<\/a>[\/vc_column_text][\/vc_column][\/vc_row][vc_row el_id=&#8220;comfortroom&#8220;][vc_column css=&#8220;.vc_custom_1517218633363{margin-bottom: 15px !important;border-bottom-width: 0px !important;padding-bottom: 0px !important;}&#8220;][vc_column_text]\r\n<h2>Komfort Zimmer<\/h2>\r\n[\/vc_column_text][\/vc_column][vc_column width=&#8220;5\/12&#8243; css=&#8220;.vc_custom_1517218528981{margin-top: 0px !important;border-top-width: 0px !important;padding-top: 0px !important;}&#8220;][vc_gallery type=&#8220;flexslider_slide&#8220; interval=&#8220;3&#8243; images=&#8220;4481,4480,4479,4478,4477,4491,4489,4488&#8243; img_size=&#8220;full&#8220;][\/vc_column][vc_column width=&#8220;7\/12&#8243; css=&#8220;.vc_custom_1517218534016{margin-top: 0px !important;border-top-width: 0px !important;padding-top: 0px !important;}&#8220;][vc_column_text css=&#8220;.vc_custom_1532674892732{margin-bottom: 10px !important;}&#8220;]Die <strong>Comfort Doppelzimmer<\/strong> im Point Hotel Piove di Sacco sind ideal, um einen perfekten Schlaf zu erfahren, und so Ihr Wohlbefinden zu steigern.[\/vc_column_text][vc_column_text]\r\n<div class=\"services-list\">\r\n<ul>\r\n \t<li class=\"ico-letto\">In jedem Zimmer finden sie eine <strong>Matraze<\/strong> von 27 cm Dicke mit unabh\u00e4ngigen Taschenfedern<\/li>\r\n \t<li class=\"ico-minibar\"><strong>Minibar<\/strong> mit <strong>Bio-Produkten<\/strong><\/li>\r\n \t<li class=\"ico-tv\">Mediaset Premium verf\u00fcgbar<\/li>\r\n \t<li class=\"ico-wifi\">Kostenloses WiFi im gesamten Hotel<\/li>\r\n \t<li class=\"ico-kitcortesia\">Gereinigt und desinfiziert mit professionellen Produkten mit einem breiten Wirkungsspektrum.<\/li>\r\n \t<li class=\"ico-asciugamano\"><strong>Gr\u00fcne Philosophie<\/strong><\/li>\r\n \t<li class=\"ico-ariacondizionata\">Klimaanlage und Heizung<\/li>\r\n \t<li class=\"ico-telefono\">Direkte Telefonleitung<\/li>\r\n<\/ul>\r\n<\/div>\r\n[\/vc_column_text][vc_column_text el_class=&#8220;btn-dispo-camere&#8220;]<a class=\"btn-blue btn-camere\" href=\"https:\/\/booking.passepartout.cloud\/booking?oidPortale=14397&lingua=de\" target=\"_blank\">BUCHEN<\/a>[\/vc_column_text][\/vc_column][\/vc_row][vc_row el_id=&#8220;classicstandardroom&#8220;][vc_column css=&#8220;.vc_custom_1517218633363{margin-bottom: 15px !important;border-bottom-width: 0px !important;padding-bottom: 0px !important;}&#8220;][vc_column_text]\r\n<h2>Classic Standard Room<\/h2>\r\n[\/vc_column_text][\/vc_column][vc_column width=&#8220;5\/12&#8243; css=&#8220;.vc_custom_1517218528981{margin-top: 0px !important;border-top-width: 0px !important;padding-top: 0px !important;}&#8220;][vc_gallery type=&#8220;flexslider_slide&#8220; interval=&#8220;3&#8243; images=&#8220;4490,4908,4912&#8243; img_size=&#8220;full&#8220;][\/vc_column][vc_column width=&#8220;7\/12&#8243; css=&#8220;.vc_custom_1517218534016{margin-top: 0px !important;border-top-width: 0px !important;padding-top: 0px !important;}&#8220;][vc_column_text css=&#8220;.vc_custom_1532674941763{margin-bottom: 10px !important;}&#8220;]EIN BESONDERES DOPPELZIMMER Das <strong>CLASSIC Doppelzimmer<\/strong> im 4-Sterne-Hotel in Piove di Sacco ist gem\u00fctlich und schlicht.[\/vc_column_text][vc_column_text]\r\n<div class=\"services-list\">\r\n<ul>\r\n \t<li class=\"ico-minibar\">Nicht gewartet <strong>Minibar<\/strong><\/li>\r\n \t<li class=\"ico-tv\">Mediaset Premium verf\u00fcgbar<\/li>\r\n \t<li class=\"ico-wifi\">Kostenloses WiFi im gesamten Hotel<\/li>\r\n \t<li class=\"ico-kitcortesia\">Gereinigt und desinfiziert mit professionellen Produkten mit einem breiten Wirkungsspektrum<\/li>\r\n \t<li class=\"ico-telefono\"><strong>Direkte Telefonleitung<\/strong><\/li>\r\n<\/ul>\r\n<\/div>\r\n[\/vc_column_text][vc_column_text el_class=&#8220;btn-dispo-camere&#8220;]<a class=\"btn-blue btn-camere\" href=\"https:\/\/booking.passepartout.cloud\/booking?oidPortale=14397&lingua=de\" target=\"_blank\">BUCHEN<\/a>[\/vc_column_text][\/vc_column][\/vc_row][vc_row el_id=&#8220;suitedesignroom&#8220;][vc_column css=&#8220;.vc_custom_1517218633363{margin-bottom: 15px !important;border-bottom-width: 0px !important;padding-bottom: 0px !important;}&#8220;][vc_column_text]\r\n<h2>Mini Suite Design Room<\/h2>\r\n[\/vc_column_text][\/vc_column][vc_column width=&#8220;5\/12&#8243; css=&#8220;.vc_custom_1517218528981{margin-top: 0px !important;border-top-width: 0px !important;padding-top: 0px !important;}&#8220;][vc_gallery type=&#8220;flexslider_slide&#8220; interval=&#8220;3&#8243; images=&#8220;4494,4495,4496,4497,4498,4499,4911,4909&#8243; img_size=&#8220;full&#8220;][\/vc_column][vc_column width=&#8220;7\/12&#8243; css=&#8220;.vc_custom_1517218534016{margin-top: 0px !important;border-top-width: 0px !important;padding-top: 0px !important;}&#8220;][vc_column_text css=&#8220;.vc_custom_1532076867665{margin-bottom: 10px !important;}&#8220;]Design Familienzimmer, Nachrichten von 2017.[\/vc_column_text][vc_column_text]\r\n<div class=\"services-list\">\r\n<ul>\r\n \t<li class=\"ico-letto\">In jedem Zimmer finden sie eine <strong>Matraze <\/strong>von 27 cm Dicke mit unabh\u00e4ngigen Taschenfedern<\/li>\r\n \t<li class=\"ico-acqua\">Cleaned and sanitized with professional products<\/li>\r\n \t<li class=\"ico-minibar\"><strong>Minibar <\/strong>mit <strong>Bio-Produkten<\/strong><\/li>\r\n \t<li class=\"ico-tv\">Mediaset Premium verf\u00fcgbar<\/li>\r\n \t<li class=\"ico-asciugamano\"><strong>Gr\u00fcne Philosophie<\/strong><\/li>\r\n \t<li class=\"ico-asciugacapelli\">Profi-Haartrockner<\/li>\r\n \t<li class=\"ico-kitcortesia\">F\u00fcr die Harmonie, haben wir Vanille &amp; Mandel Noten gew\u00e4hlt, eine gro\u00dfe Sammlung\u201a <strong>\u2018Made in Italy\u2019<\/strong><\/li>\r\n \t<li class=\"ico-ariacondizionata\">Klimaanlage und Heizung<\/li>\r\n \t<li class=\"ico-telefono\"><strong>Direkte Telefonleitung<\/strong><\/li>\r\n \t<li class=\"ico-wifi\">Kostenloses WiFi im gesamten Hotel<\/li>\r\n<\/ul>\r\n<\/div>\r\n[\/vc_column_text][vc_column_text el_class=&#8220;btn-dispo-camere&#8220;]<a class=\"btn-blue btn-camere\" href=\"https:\/\/booking.passepartout.cloud\/booking?oidPortale=14397&lingua=de\" target=\"_blank\">BUCHEN<\/a>[\/vc_column_text][\/vc_column][\/vc_row][vc_row el_id=&#8220;familyroom&#8220;][vc_column css=&#8220;.vc_custom_1517218633363{margin-bottom: 15px !important;border-bottom-width: 0px !important;padding-bottom: 0px !important;}&#8220;][vc_column_text]\r\n<h2>Family Zimmer<\/h2>\r\n[\/vc_column_text][\/vc_column][vc_column width=&#8220;5\/12&#8243; css=&#8220;.vc_custom_1517218528981{margin-top: 0px !important;border-top-width: 0px !important;padding-top: 0px !important;}&#8220;][vc_gallery type=&#8220;flexslider_slide&#8220; interval=&#8220;3&#8243; images=&#8220;5011,5010,5008,5009,5007,5006&#8243; img_size=&#8220;full&#8220;][\/vc_column][vc_column width=&#8220;7\/12&#8243; css=&#8220;.vc_custom_1517218534016{margin-top: 0px !important;border-top-width: 0px !important;padding-top: 0px !important;}&#8220;][vc_column_text css=&#8220;.vc_custom_1539351526466{margin-bottom: 10px !important;}&#8220;]Die <strong>Family Zimmer<\/strong> im Point Hotel Piove di Sacco sind ideal, um einen perfekten Schlaf zu erfahren, und so Ihr Wohlbefinden zu steigern.[\/vc_column_text][vc_column_text]\r\n<div class=\"services-list\">\r\n<ul>\r\n \t<li class=\"ico-letto\">In jedem Zimmer finden sie eine <strong>Matraze<\/strong>\u00a0mit unabh\u00e4ngigen Taschenfedern<\/li>\r\n \t<li class=\"ico-minibar\"><strong>Minibar<\/strong> mit <strong>Bio-Produkten<\/strong><\/li>\r\n \t<li class=\"ico-tv\">Mediaset Premium verf\u00fcgbar<\/li>\r\n \t<li class=\"ico-wifi\">Kostenloses WiFi im gesamten Hotel<\/li>\r\n \t<li class=\"ico-kitcortesia\">Gereinigt und desinfiziert mit professionellen Produkten mit einem breiten Wirkungsspektrum.<\/li>\r\n \t<li class=\"ico-asciugamano\"><strong>Gr\u00fcne Philosophie<\/strong><\/li>\r\n \t<li class=\"ico-ariacondizionata\">Klimaanlage und Heizung<\/li>\r\n \t<li class=\"ico-telefono\">Direkte Telefonleitung<\/li>\r\n<\/ul>\r\n<\/div>\r\n[\/vc_column_text][vc_column_text el_class=&#8220;btn-dispo-camere&#8220;]<a class=\"btn-blue btn-camere\" href=\"https:\/\/booking.passepartout.cloud\/booking?oidPortale=14397&lingua=de\" target=\"_blank\">BUCHEN<\/a>[\/vc_column_text][\/vc_column][\/vc_row]<\/div>","protected":false},"excerpt":{"rendered":"[vc_row full_width=&#8220;stretch_row_content_no_spaces&#8220;][vc_column][vc_column_text][\/vc_column_text][\/vc_column][\/vc_row][vc_row css=&#8220;.vc_custom_1529335678615{margin-bottom: 20px !important;}&#8220;][vc_column el_class=&#8220;text-box&#8220;][vc_column_text] ZIMMER IHR BUSINESS 4 STERNE HOTEL IN PADUA [\/vc_column_text][\/vc_column][\/vc_row][vc_row][vc_column][vc_column_text]Suchen Sie ein Zimmer in Padua, finden Sie bei uns die\u00a0Professionalit\u00e4t\u00a0eines 4-Sterne-Hotels, die\u00a0Freundlichkeit\u00a0des Personals und die Gastfreundschaft einer Familie kombiniert mit dem guten Geschmack und die st\u00e4ndige Bem\u00fchung nach Ihrem Wohlbefinden. Unser familiengef\u00fchrte\u00a0vier-Sterne-Hotel in Padua\u00a0ist ein echtes Boutique-Hotel, das seinen G\u00e4sten\u00a0klassische\u00a0saubere [&hellip;]","protected":false},"author":24,"featured_media":4454,"parent":0,"menu_order":0,"comment_status":"closed","ping_status":"closed","template":"","meta":{"_acf_changed":false,"inline_featured_image":false,"footnotes":""},"class_list":["post-1170","page","type-page","status-publish","has-post-thumbnail","hentry"],"acf":[],"_links":{"self":[{"href":"https:\/\/www.old-pointhotel.promoservicebeta.com\/de\/wp-json\/wp\/v2\/pages\/1170","targetHints":{"allow":["GET"]}}],"collection":[{"href":"https:\/\/www.old-pointhotel.promoservicebeta.com\/de\/wp-json\/wp\/v2\/pages"}],"about":[{"href":"https:\/\/www.old-pointhotel.promoservicebeta.com\/de\/wp-json\/wp\/v2\/types\/page"}],"author":[{"embeddable":true,"href":"https:\/\/www.old-pointhotel.promoservicebeta.com\/de\/wp-json\/wp\/v2\/users\/24"}],"replies":[{"embeddable":true,"href":"https:\/\/www.old-pointhotel.promoservicebeta.com\/de\/wp-json\/wp\/v2\/comments?post=1170"}],"version-history":[{"count":0,"href":"https:\/\/www.old-pointhotel.promoservicebeta.com\/de\/wp-json\/wp\/v2\/pages\/1170\/revisions"}],"wp:featuredmedia":[{"embeddable":true,"href":"https:\/\/www.old-pointhotel.promoservicebeta.com\/de\/wp-json\/wp\/v2\/media\/4454"}],"wp:attachment":[{"href":"https:\/\/www.old-pointhotel.promoservicebeta.com\/de\/wp-json\/wp\/v2\/media?parent=1170"}],"curies":[{"name":"wp","href":"https:\/\/api.w.org\/{rel}","templated":true}]}}